{"id":1386,"date":"2024-08-15T13:08:21","date_gmt":"2024-08-15T13:08:21","guid":{"rendered":"http:\/\/dentacure.com\/dentacure-whitening-tandpasta\/"},"modified":"2024-09-12T11:44:40","modified_gmt":"2024-09-12T11:44:40","slug":"dentacure-whitening-tandpasta","status":"publish","type":"page","link":"https:\/\/dentacure.com\/de\/dentacure-whitening-tandpasta\/","title":{"rendered":"DentaCure Whitening tandpasta"},"content":{"rendered":"<p>[et_pb_section fb_built=&#8221;1&#8243; _builder_version=&#8221;4.27.0&#8243; _module_preset=&#8221;default&#8221; background_color=&#8221;RGBA(177,207,174,0.24)&#8221; custom_padding=&#8221;||0px|||&#8221; global_colors_info=&#8221;{}&#8221;][et_pb_row column_structure=&#8221;1_3,1_3,1_3&#8243; _builder_version=&#8221;4.27.0&#8243; _module_preset=&#8221;default&#8221; global_colors_info=&#8221;{}&#8221;][et_pb_column type=&#8221;1_3&#8243; _builder_version=&#8221;4.27.0&#8243; _module_preset=&#8221;default&#8221; global_colors_info=&#8221;{}&#8221;][et_pb_image src=&#8221;http:\/\/dentacure.com\/wp-content\/uploads\/2024\/08\/DentaCure-toothpaste-7-sprog-Whitning_webshop_800x800_DK_DE.png&#8221; title_text=&#8221;DentaCure toothpaste 7-sprog Whitning_webshop_800x800_DK_DE&#8221; _builder_version=&#8221;4.27.0&#8243; _module_preset=&#8221;default&#8221; global_colors_info=&#8221;{}&#8221;][\/et_pb_image][\/et_pb_column][et_pb_column type=&#8221;1_3&#8243; _builder_version=&#8221;4.27.0&#8243; _module_preset=&#8221;default&#8221; global_colors_info=&#8221;{}&#8221;][et_pb_heading title=&#8221;DentaCure Whitening Zahnpasta&#8221; _builder_version=&#8221;4.27.0&#8243; _module_preset=&#8221;default&#8221; hover_enabled=&#8221;0&#8243; global_colors_info=&#8221;{}&#8221; sticky_enabled=&#8221;0&#8243;][\/et_pb_heading][et_pb_text _builder_version=&#8221;4.27.0&#8243; _module_preset=&#8221;default&#8221; hover_enabled=&#8221;0&#8243; global_colors_info=&#8221;{}&#8221; sticky_enabled=&#8221;0&#8243;]<\/p>\n<p>DentaCure Whitening ist eine wirksame und nat\u00fcrliche Zahnpasta gegen Zahnfleischbluten und Gingivitis in Kombination mit einem aufhellenden Effekt; ohne den Einsatz unerw\u00fcnschter Chemikalien\/Bleichmittel.<\/p>\n<p>DentaCure Zahnpasta enth\u00e4lt einen nat\u00fcrlich aktiven Bockshornkleesamenextrakt, der seit Jahrtausenden f\u00fcr seine heilende Wirkung bekannt ist. Bockshornkleesamen wirken nachweislich entz\u00fcndungshemmend und bek\u00e4mpfen die sch\u00e4dlichen Bakterien, die Zahnfleischprobleme verursachen k\u00f6nnen.<\/p>\n<p>T\u00e4gliches Z\u00e4hneputzen mit DentaCure ist eine wirksame Methode, um Zahnfleischbluten und Zahnfleischentz\u00fcndungen vorzubeugen.<\/p>\n<p>DentaCure schont Ihre Schleimh\u00e4ute, st\u00e4rkt Ihr Zahnfleisch und sorgt f\u00fcr eine \u00e4u\u00dferst gute Mundhygiene<\/p>\n<p>Enth\u00e4lt Fluor (Natriumfluorid 1450 ppm F\u02c9) gem\u00e4\u00df Empfehlung der Zahn\u00e4rztekammer.<\/p>\n<p>[\/et_pb_text][et_pb_button button_url=&#8221;\/forhandlere\/&#8221; button_text=&#8221;Hier kaufen&#8221; button_alignment=&#8221;center&#8221; _builder_version=&#8221;4.27.0&#8243; _module_preset=&#8221;default&#8221; custom_button=&#8221;on&#8221; button_text_size=&#8221;16px&#8221; button_bg_color=&#8221;#FFFFFF&#8221; button_icon=&#8221;&#x49;||divi||400&#8243; hover_enabled=&#8221;0&#8243; saved_tabs=&#8221;all&#8221; global_colors_info=&#8221;{}&#8221; sticky_enabled=&#8221;0&#8243;][\/et_pb_button][\/et_pb_column][et_pb_column type=&#8221;1_3&#8243; _builder_version=&#8221;4.27.0&#8243; _module_preset=&#8221;default&#8221; global_colors_info=&#8221;{}&#8221;][et_pb_accordion _builder_version=&#8221;4.27.0&#8243; _module_preset=&#8221;default&#8221; hover_enabled=&#8221;0&#8243; global_colors_info=&#8221;{}&#8221; sticky_enabled=&#8221;0&#8243;][et_pb_accordion_item title=&#8221;DentaCure Zahnpasta beugt bei zweimal t\u00e4glicher Anwendung wirksam vor&#8221; open=&#8221;on&#8221; _builder_version=&#8221;4.27.0&#8243; _module_preset=&#8221;default&#8221; hover_enabled=&#8221;0&#8243; global_colors_info=&#8221;{}&#8221; sticky_enabled=&#8221;0&#8243;]<\/p>\n<ul>\n<li>Gegen Zahnfleischbluten \/ Gingivitis<\/li>\n<li>Aufhellender Effekt<\/li>\n<li>Enth\u00e4lt Fluorid (1.450 ppm) gegen Karies<\/li>\n<li>Milder Minzgeschmack<\/li>\n<li>Frei von SLS<\/li>\n<li>Frei von unerw\u00fcnschten Chemikalien<\/li>\n<li>Ohne Titandioxid<\/li>\n<li>Ohne Bleichmittel<\/li>\n<li>Klinisch getestet<\/li>\n<li>Mit Hyalurons\u00e4ure lindert und f\u00f6rdert die Heilung durch die Bildung einer Barriere<\/li>\n<\/ul>\n<p>[\/et_pb_accordion_item][et_pb_accordion_item title=&#8221;Anvendung&#8221; _builder_version=&#8221;4.27.0&#8243; _module_preset=&#8221;default&#8221; hover_enabled=&#8221;0&#8243; global_colors_info=&#8221;{}&#8221; open=&#8221;off&#8221; sticky_enabled=&#8221;0&#8243;]<\/p>\n<p>Bei Erwachsenen mindestens zweimal t\u00e4glich eine erbsengro\u00dfe Menge zum regelm\u00e4\u00dfigen Z\u00e4hneputzen verwenden. Kinder unter 6 Jahren verwenden eine erbsengro\u00dfe Menge und \u00fcberwachen das Z\u00e4hneputzen, um die Einnahme zu minimieren. Konsultieren Sie den Zahnarzt oder Arzt, wenn Fluorid auch aus anderen Quellen aufgenommen wird. Hilfe beim Z\u00e4hneputzen. Au\u00dferhalb der Reichweite von Kindern aufbewahren.<\/p>\n<p>[\/et_pb_accordion_item][et_pb_accordion_item title=&#8221;Inhaltstoffe&#8221; _builder_version=&#8221;4.27.0&#8243; _module_preset=&#8221;default&#8221; hover_enabled=&#8221;0&#8243; global_colors_info=&#8221;{}&#8221; open=&#8221;off&#8221; sticky_enabled=&#8221;0&#8243;]<\/p>\n<p><span>Aqua, Hydrated Silica,\u00a0 Sorbitol, Glycerin, Aroma, Sodium Bicarbonate, Sodium Methyl Cocoyl Taurate, Cellulose Gum, Sodium Fluoride, Trigonella Foenum-Graecum Seed Extract, Sodium Hyaluronate, Sodium Saccharin, Menthol, CI19140, CI42090<\/span><\/p>\n<p>[\/et_pb_accordion_item][\/et_pb_accordion][\/et_pb_column][\/et_pb_row][\/et_pb_section][et_pb_section fb_built=&#8221;1&#8243; _builder_version=&#8221;4.27.0&#8243; _module_preset=&#8221;default&#8221; background_color=&#8221;RGBA(255,255,255,0)&#8221; custom_padding=&#8221;0px|||||&#8221; global_colors_info=&#8221;{}&#8221;][et_pb_row column_structure=&#8221;1_3,1_3,1_3&#8243; _builder_version=&#8221;4.27.0&#8243; _module_preset=&#8221;default&#8221; global_colors_info=&#8221;{}&#8221;][et_pb_column type=&#8221;1_3&#8243; _builder_version=&#8221;4.27.0&#8243; _module_preset=&#8221;default&#8221; global_colors_info=&#8221;{}&#8221;][et_pb_testimonial author=&#8221;Pernille&#8221; portrait_url=&#8221;data:image\/svg+xml;base64,PHN2ZyB3aWR0aD0iNTAwIiBoZWlnaHQ9IjUwMCIgdmlld0JveD0iMCAwIDUwMCA1MDAiIHhtbG5zPSJodHRwOi8vd3d3LnczLm9yZy8yMDAwL3N2ZyI+CiAgICA8ZyBmaWxsPSJub25lIiBmaWxsLXJ1bGU9ImV2ZW5vZGQiPgogICAgICAgIDxwYXRoIGZpbGw9IiNFQkVCRUIiIGQ9Ik0wIDBoNTAwdjUwMEgweiIvPgogICAgICAgIDxyZWN0IGZpbGwtb3BhY2l0eT0iLjEiIGZpbGw9IiMwMDAiIHg9IjY4IiB5PSIzMDUiIHdpZHRoPSIzNjQiIGhlaWdodD0iNTY4IiByeD0iMTgyIi8+CiAgICAgICAgPGNpcmNsZSBmaWxsLW9wYWNpdHk9Ii4xIiBmaWxsPSIjMDAwIiBjeD0iMjQ5IiBjeT0iMTcyIiByPSIxMDAiLz4KICAgIDwvZz4KPC9zdmc+Cg==&#8221; quote_icon_color=&#8221;#0060A1&#8243; portrait_width=&#8221;1px&#8221; portrait_height=&#8221;1px&#8221; _builder_version=&#8221;4.27.0&#8243; _module_preset=&#8221;default&#8221; body_text_color=&#8221;#FFFFFF&#8221; author_text_color=&#8221;#FFFFFF&#8221; background_color=&#8221;#B1CFAE&#8221; hover_enabled=&#8221;0&#8243; global_colors_info=&#8221;{}&#8221; sticky_enabled=&#8221;0&#8243;]<\/p>\n<p><em>&#8220;Ich habe eine beginnende Parodontitis und leide sehr unter gro\u00dfer Schmerzempfindlichkeit. DentaCure ist eine gro\u00dfe Hilfe bei der Narbenheilung&#8221;<\/em><\/p>\n<p>[\/et_pb_testimonial][\/et_pb_column][et_pb_column type=&#8221;1_3&#8243; _builder_version=&#8221;4.27.0&#8243; _module_preset=&#8221;default&#8221; global_colors_info=&#8221;{}&#8221;][et_pb_testimonial author=&#8221;Maibrith&#8221; portrait_url=&#8221;data:image\/svg+xml;base64,PHN2ZyB3aWR0aD0iNTAwIiBoZWlnaHQ9IjUwMCIgdmlld0JveD0iMCAwIDUwMCA1MDAiIHhtbG5zPSJodHRwOi8vd3d3LnczLm9yZy8yMDAwL3N2ZyI+CiAgICA8ZyBmaWxsPSJub25lIiBmaWxsLXJ1bGU9ImV2ZW5vZGQiPgogICAgICAgIDxwYXRoIGZpbGw9IiNFQkVCRUIiIGQ9Ik0wIDBoNTAwdjUwMEgweiIvPgogICAgICAgIDxyZWN0IGZpbGwtb3BhY2l0eT0iLjEiIGZpbGw9IiMwMDAiIHg9IjY4IiB5PSIzMDUiIHdpZHRoPSIzNjQiIGhlaWdodD0iNTY4IiByeD0iMTgyIi8+CiAgICAgICAgPGNpcmNsZSBmaWxsLW9wYWNpdHk9Ii4xIiBmaWxsPSIjMDAwIiBjeD0iMjQ5IiBjeT0iMTcyIiByPSIxMDAiLz4KICAgIDwvZz4KPC9zdmc+Cg==&#8221; quote_icon_color=&#8221;#0060A1&#8243; portrait_width=&#8221;1px&#8221; portrait_height=&#8221;1px&#8221; _builder_version=&#8221;4.27.0&#8243; _module_preset=&#8221;default&#8221; body_text_color=&#8221;#FFFFFF&#8221; author_text_color=&#8221;#FFFFFF&#8221; background_color=&#8221;#B1CFAE&#8221; hover_enabled=&#8221;0&#8243; global_colors_info=&#8221;{}&#8221; sticky_enabled=&#8221;0&#8243;]<\/p>\n<p><em><\/em><em>&#8220;Es ist wirklich gut f\u00fcr mein Zahnfleisch, hatte Zahnfleischentz\u00fcndung, aber sie war weg nachdem ich DentaCure verwendet hatte und ich hatte weniger Zahnstein, sagte mein Zahnarzt\u201c<\/em><\/p>\n<p>[\/et_pb_testimonial][\/et_pb_column][et_pb_column type=&#8221;1_3&#8243; _builder_version=&#8221;4.27.0&#8243; _module_preset=&#8221;default&#8221; global_colors_info=&#8221;{}&#8221;][et_pb_testimonial author=&#8221;Bolette&#8221; portrait_url=&#8221;data:image\/svg+xml;base64,PHN2ZyB3aWR0aD0iNTAwIiBoZWlnaHQ9IjUwMCIgdmlld0JveD0iMCAwIDUwMCA1MDAiIHhtbG5zPSJodHRwOi8vd3d3LnczLm9yZy8yMDAwL3N2ZyI+CiAgICA8ZyBmaWxsPSJub25lIiBmaWxsLXJ1bGU9ImV2ZW5vZGQiPgogICAgICAgIDxwYXRoIGZpbGw9IiNFQkVCRUIiIGQ9Ik0wIDBoNTAwdjUwMEgweiIvPgogICAgICAgIDxyZWN0IGZpbGwtb3BhY2l0eT0iLjEiIGZpbGw9IiMwMDAiIHg9IjY4IiB5PSIzMDUiIHdpZHRoPSIzNjQiIGhlaWdodD0iNTY4IiByeD0iMTgyIi8+CiAgICAgICAgPGNpcmNsZSBmaWxsLW9wYWNpdHk9Ii4xIiBmaWxsPSIjMDAwIiBjeD0iMjQ5IiBjeT0iMTcyIiByPSIxMDAiLz4KICAgIDwvZz4KPC9zdmc+Cg==&#8221; quote_icon_color=&#8221;#0060A1&#8243; portrait_width=&#8221;1px&#8221; portrait_height=&#8221;1px&#8221; _builder_version=&#8221;4.27.0&#8243; _module_preset=&#8221;default&#8221; body_text_color=&#8221;#FFFFFF&#8221; author_text_color=&#8221;#FFFFFF&#8221; background_color=&#8221;#B1CFAE&#8221; hover_enabled=&#8221;0&#8243; global_colors_info=&#8221;{}&#8221; sticky_enabled=&#8221;0&#8243;]<\/p>\n<p><em><\/em><em>&#8220;Ich habe DentaCure nur 4 Tage lang angewendet und bin sehr beeindruckt \u2013 meine Mundhygiene war noch nie besser und es herrscht eine ganz neue \u201eRuhe\u201c in meinen Z\u00e4hnen\/ im Mund&#8221;<\/em><\/p>\n<p>[\/et_pb_testimonial][\/et_pb_column][\/et_pb_row][\/et_pb_section]<\/p>\n","protected":false},"excerpt":{"rendered":"<p>DentaCure Whitening ist eine wirksame und nat\u00fcrliche Zahnpasta gegen Zahnfleischbluten und Gingivitis in Kombination mit einem aufhellenden Effekt; ohne den Einsatz unerw\u00fcnschter Chemikalien\/Bleichmittel. DentaCure Zahnpasta enth\u00e4lt einen nat\u00fcrlich aktiven Bockshornkleesamenextrakt, der seit Jahrtausenden f\u00fcr seine heilende Wirkung bekannt ist. Bockshornkleesamen wirken nachweislich entz\u00fcndungshemmend und bek\u00e4mpfen die sch\u00e4dlichen Bakterien, die Zahnfleischprobleme verursachen k\u00f6nnen. T\u00e4gliches Z\u00e4hneputzen mit [&hellip;]<\/p>\n","protected":false},"author":2,"featured_media":0,"parent":0,"menu_order":0,"comment_status":"closed","ping_status":"closed","template":"","meta":{"_et_pb_use_builder":"on","_et_pb_old_content":"","_et_gb_content_width":"","footnotes":""},"class_list":["post-1386","page","type-page","status-publish","hentry"],"_links":{"self":[{"href":"https:\/\/dentacure.com\/de\/wp-json\/wp\/v2\/pages\/1386","targetHints":{"allow":["GET"]}}],"collection":[{"href":"https:\/\/dentacure.com\/de\/wp-json\/wp\/v2\/pages"}],"about":[{"href":"https:\/\/dentacure.com\/de\/wp-json\/wp\/v2\/types\/page"}],"author":[{"embeddable":true,"href":"https:\/\/dentacure.com\/de\/wp-json\/wp\/v2\/users\/2"}],"replies":[{"embeddable":true,"href":"https:\/\/dentacure.com\/de\/wp-json\/wp\/v2\/comments?post=1386"}],"version-history":[{"count":1,"href":"https:\/\/dentacure.com\/de\/wp-json\/wp\/v2\/pages\/1386\/revisions"}],"predecessor-version":[{"id":1406,"href":"https:\/\/dentacure.com\/de\/wp-json\/wp\/v2\/pages\/1386\/revisions\/1406"}],"wp:attachment":[{"href":"https:\/\/dentacure.com\/de\/wp-json\/wp\/v2\/media?parent=1386"}],"curies":[{"name":"wp","href":"https:\/\/api.w.org\/{rel}","templated":true}]}}