{"id":1112,"date":"2024-07-21T23:07:27","date_gmt":"2024-07-21T23:07:27","guid":{"rendered":"http:\/\/dentacure.com\/gingivite\/"},"modified":"2024-09-16T08:30:04","modified_gmt":"2024-09-16T08:30:04","slug":"gingivite","status":"publish","type":"page","link":"https:\/\/dentacure.com\/fr\/gingivite\/","title":{"rendered":"PROBL\u00c9MES DES GENCIVES"},"content":{"rendered":"<p>[et_pb_section fb_built=&#8221;1&#8243; specialty=&#8221;on&#8221; _builder_version=&#8221;4.27.0&#8243; _module_preset=&#8221;default&#8221; global_colors_info=&#8221;{}&#8221;][et_pb_column type=&#8221;1_2&#8243; _builder_version=&#8221;4.16&#8243; custom_padding=&#8221;|||&#8221; global_colors_info=&#8221;{}&#8221; custom_padding__hover=&#8221;|||&#8221;][et_pb_heading title=&#8221;COMMENT ASSURER UNE BOUCHE SAINE&#8221; _builder_version=&#8221;4.27.0&#8243; _module_preset=&#8221;default&#8221; title_text_color=&#8221;#0060A1&#8243; title_font_size=&#8221;44px&#8221; global_colors_info=&#8221;{}&#8221;][\/et_pb_heading][et_pb_text _builder_version=&#8221;4.27.0&#8243; _module_preset=&#8221;default&#8221; global_colors_info=&#8221;{}&#8221;]<\/p>\n<p>L\u2019hygi\u00e8ne bucco-dentaire est essentielle pour votre bien-\u00eatre g\u00e9n\u00e9ral. Les bact\u00e9ries et l\u2019inflammation des gencives se propagent au reste du corps et peuvent provoquer des maladies et affaiblir le syst\u00e8me immunitaire. Une mauvaise hygi\u00e8ne bucco-dentaire est l\u2019une des causes du d\u00e9veloppement de la gingivite, des caries et des dents d\u00e9chauss\u00e9es (parodontite).<\/p>\n<p>Une bonne hygi\u00e8ne bucco-dentaire est assur\u00e9e par l\u2019\u00e9limination r\u00e9guli\u00e8re des bact\u00e9ries (plaque). La bouche contient de nombreux types de bact\u00e9ries, dont certaines sont n\u00e9cessaires pour que nous puissions go\u00fbter et dig\u00e9rer nos aliments, tandis que d\u2019autres sont inappropri\u00e9es car elles contribuent au d\u00e9veloppement de diverses maladies de la bouche.<\/p>\n<p>Lorsqu\u2019on parle d\u2019\u00e9limination des bact\u00e9ries, cela ne s\u2019applique qu\u2019aux bact\u00e9ries qui s\u2019accumulent sur les dents, les muqueuses et la langue.<\/p>\n<p>[\/et_pb_text][\/et_pb_column][et_pb_column type=&#8221;1_2&#8243; specialty_columns=&#8221;2&#8243; _builder_version=&#8221;4.16&#8243; custom_padding=&#8221;|||&#8221; global_colors_info=&#8221;{}&#8221; custom_padding__hover=&#8221;|||&#8221;][et_pb_row_inner _builder_version=&#8221;4.27.0&#8243; _module_preset=&#8221;default&#8221; global_colors_info=&#8221;{}&#8221;][et_pb_column_inner saved_specialty_column_type=&#8221;1_2&#8243; _builder_version=&#8221;4.27.0&#8243; _module_preset=&#8221;default&#8221; global_colors_info=&#8221;{}&#8221;][et_pb_heading title=&#8221;Brosse \u00e0 dents&#8221; _builder_version=&#8221;4.27.0&#8243; _module_preset=&#8221;default&#8221; custom_margin=&#8221;||-3px|||&#8221; global_colors_info=&#8221;{}&#8221;][\/et_pb_heading][et_pb_text _builder_version=&#8221;4.27.0&#8243; _module_preset=&#8221;default&#8221; global_colors_info=&#8221;{}&#8221;]<\/p>\n<p><span>La brosse \u00e0 dents qui fonctionne le mieux est individuelle : une brosse \u00e0 dents ordinaire ou une brosse \u00e0 dents \u00e9lectrique. L\u2019important est que la brosse \u00e0 dents soit douce et poss\u00e8de de nombreux poils bien ajust\u00e9s. Si la brosse \u00e0 dents est trop dure, elle peut provoquer des plaies sur les gencives et provoquer la r\u00e9traction des gencives et le grincement des dents. La t\u00eate de la brosse \u00e0 dents ne doit pas \u00eatre trop large, car elle doit pouvoir atteindre jusqu\u2019aux dents post\u00e9rieures. La brosse \u00e0 dents doit \u00eatre utilis\u00e9e deux fois par jour pour \u00e9liminer les bact\u00e9ries \u00e0 la surface des dents.<\/span><\/p>\n<p>[\/et_pb_text][et_pb_heading title=&#8221;Dentifrice&#8221; _builder_version=&#8221;4.27.0&#8243; _module_preset=&#8221;default&#8221; custom_margin=&#8221;||-3px|||&#8221; global_colors_info=&#8221;{}&#8221;][\/et_pb_heading][et_pb_text _builder_version=&#8221;4.27.0&#8243; _module_preset=&#8221;default&#8221; global_colors_info=&#8221;{}&#8221;]<\/p>\n<p><span>Un bon dentifrice doit contenir du fluorure. Le fluor pr\u00e9vient le d\u00e9veloppement de caries dentaires (caries). Il est recommand\u00e9 d\u2019utiliser un dentifrice avec une teneur en fluorure de 1450 ppm \u2013 \u00e9galement pour les enfants. Chez l\u2019enfant, la quantit\u00e9 de dentifrice doit \u00eatre dos\u00e9e en fonction de la taille de l\u2019ongle de l\u2019enfant. Si vous avez une muqueuse buccale d\u00e9licate et avez tendance \u00e0 avoir des cloques dans la bouche, c\u2019est une bonne id\u00e9e d\u2019\u00e9viter les dentifrices qui contiennent la substance Sodium Lauryl Sulfate (SLS). SLS fait mousser le dentifrice mais ne donne pas des dents plus propres.<\/span><\/p>\n<p>[\/et_pb_text][et_pb_heading title=&#8221;Fil dentaire&#8221; _builder_version=&#8221;4.27.0&#8243; _module_preset=&#8221;default&#8221; custom_margin=&#8221;||-3px|||&#8221; global_colors_info=&#8221;{}&#8221;][\/et_pb_heading][et_pb_text _builder_version=&#8221;4.27.0&#8243; _module_preset=&#8221;default&#8221; global_colors_info=&#8221;{}&#8221;]<\/p>\n<p><span>Le fil dentaire est n\u00e9cessaire pour \u00e9liminer les bact\u00e9ries (plaque) entre les dents \u2013 l\u00e0 o\u00f9 la brosse \u00e0 dents ne peut pas entrer. Un bon fil dentaire doit \u00eatre facile \u00e0 utiliser. Si vous avez des dents rapproch\u00e9es, il peut \u00eatre avantageux d\u2019utiliser un fil plat.<\/span><\/p>\n<p>[\/et_pb_text][\/et_pb_column_inner][\/et_pb_row_inner][\/et_pb_column][\/et_pb_section][et_pb_section fb_built=&#8221;1&#8243; fullwidth=&#8221;on&#8221; _builder_version=&#8221;4.27.0&#8243; _module_preset=&#8221;default&#8221; background_color=&#8221;RGBA(177,207,174,0.24)&#8221; global_colors_info=&#8221;{}&#8221;][et_pb_fullwidth_header title=&#8221;Signes de probl\u00e8mes de gencives&#8221; _builder_version=&#8221;4.27.0&#8243; _module_preset=&#8221;default&#8221; title_level=&#8221;h3&#8243; title_text_align=&#8221;center&#8221; title_text_color=&#8221;#0060A1&#8243; title_font_size=&#8221;38px&#8221; background_color=&#8221;RGBA(255,255,255,0)&#8221; max_width_tablet=&#8221;&#8221; max_width_phone=&#8221;52%&#8221; max_width_last_edited=&#8221;on|phone&#8221; custom_padding=&#8221;76px||36px|||&#8221; title_text_color_tablet=&#8221;#0060A1&#8243; title_text_color_phone=&#8221;#0060A1&#8243; title_text_color_last_edited=&#8221;on|phone&#8221; global_colors_info=&#8221;{}&#8221;][\/et_pb_fullwidth_header][\/et_pb_section][et_pb_section fb_built=&#8221;1&#8243; _builder_version=&#8221;4.27.0&#8243; _module_preset=&#8221;default&#8221; background_color=&#8221;RGBA(177,207,174,0.24)&#8221; custom_padding=&#8221;0px|||||&#8221; global_colors_info=&#8221;{}&#8221;][et_pb_row column_structure=&#8221;1_3,1_3,1_3&#8243; _builder_version=&#8221;4.27.0&#8243; _module_preset=&#8221;default&#8221; custom_padding=&#8221;3px|||||&#8221; global_colors_info=&#8221;{}&#8221;][et_pb_column type=&#8221;1_3&#8243; _builder_version=&#8221;4.27.0&#8243; _module_preset=&#8221;default&#8221; background_color=&#8221;#FFFFFF&#8221; global_colors_info=&#8221;{}&#8221;][et_pb_blurb title=&#8221;Gencives qui saignent&#8221; _builder_version=&#8221;4.27.0&#8243; _module_preset=&#8221;default&#8221; header_text_color=&#8221;rgba(0,0,0,0.61)&#8221; header_font_size=&#8221;35px&#8221; background_color=&#8221;RGBA(177,207,174,0.24)&#8221; custom_padding=&#8221;20px|20px|20px|20px|false|false&#8221; border_width_all=&#8221;1px&#8221; border_color_all=&#8221;#0060A1&#8243; global_colors_info=&#8221;{}&#8221;]<\/p>\n<p>Les saignements des gencives sont souvent un signe de gingivite. La gingivite est l\u2019une des maladies dentaires les plus courantes. La plupart d\u2019entre nous ont eu une gingivite \u00e0 un moment donn\u00e9 \u2013 beaucoup sans m\u00eame le remarquer.<\/p>\n<p>En effet, la gingivite provoque rarement des sympt\u00f4mes. La plupart des gens ne ressentent rien, tandis que certains ressentent de la douleur lorsqu\u2019ils se brossent les dents et mangent. D\u2019autres peuvent sentir la gencive gonfler et saigner. Le saignement peut provoquer un mauvais go\u00fbt dans la bouche et m\u00eame provoquer une mauvaise haleine (halitose). Si la gingivite n\u2019est pas trait\u00e9e, elle peut \u00e9voluer en dents mobiles (parodontite). Contrairement \u00e0 la gingivite, la parodontite ne se gu\u00e9rit pas. Cependant, une bonne hygi\u00e8ne bucco-dentaire et des contr\u00f4les r\u00e9guliers chez le dentiste peuvent le contr\u00f4ler.<\/p>\n<p>[\/et_pb_blurb][\/et_pb_column][et_pb_column type=&#8221;1_3&#8243; _builder_version=&#8221;4.27.0&#8243; _module_preset=&#8221;default&#8221; global_colors_info=&#8221;{}&#8221;][et_pb_blurb title=&#8221;Gingivite&#8221; _builder_version=&#8221;4.27.0&#8243; _module_preset=&#8221;default&#8221; header_font=&#8221;||||||||&#8221; header_text_color=&#8221;rgba(0,0,0,0.61)&#8221; header_font_size=&#8221;35px&#8221; custom_padding=&#8221;20px|20px|20px|20px|false|false&#8221; border_width_all=&#8221;1px&#8221; border_color_all=&#8221;#0060A1&#8243; global_colors_info=&#8221;{}&#8221;]<\/p>\n<p>La gingivite peut entra\u00eener une parodontite si elle se propage \u00e0 l\u2019os sous la dent.<\/p>\n<p>La gingivite n\u2019a pas \u00e0 provoquer de sympt\u00f4mes en plus des saignements et des douleurs lors du brossage des dents, et peut-\u00eatre. en mangeant. Parfois, les gencives seront \u00e9galement enfl\u00e9es.<\/p>\n<p>Si des sympt\u00f4mes ne disparaissent pas m\u00eame si l\u2019hygi\u00e8ne bucco-dentaire s\u2019am\u00e9liore, vous devriez consulter un dentiste. Il peut s\u2019agir d\u2019une parodontite naissante ou de quelque chose d\u2019autre qui devrait \u00eatre examin\u00e9 par un dentiste.<\/p>\n<h3>Pourquoi souffrez-vous de gingivite ?<\/h3>\n<p>L\u2019inflammation des gencives est g\u00e9n\u00e9ralement une r\u00e9action aux bact\u00e9ries pr\u00e9sentes dans les d\u00e9bris alimentaires sur les dents. Si les rev\u00eatements ne sont pas retir\u00e9s pendant le brossage quotidien des dents, une inflammation se produira. L\u2019inflammation des gencives peut survenir chez n\u2019importe qui, quel que soit l\u2019\u00e2ge.<\/p>\n<p>[\/et_pb_blurb][\/et_pb_column][et_pb_column type=&#8221;1_3&#8243; _builder_version=&#8221;4.27.0&#8243; _module_preset=&#8221;default&#8221; global_colors_info=&#8221;{}&#8221;][et_pb_blurb title=&#8221;Parodontite \/ Gingivite&#8221; image_icon_background_color=&#8221;#000000&#8243; _builder_version=&#8221;4.27.0&#8243; _module_preset=&#8221;default&#8221; header_text_color=&#8221;rgba(0,0,0,0.61)&#8221; header_font_size=&#8221;35px&#8221; custom_padding=&#8221;20px|20px|20px|20px|false|false&#8221; border_width_all=&#8221;1px&#8221; border_color_all=&#8221;#0060A1&#8243; global_colors_info=&#8221;{}&#8221;]<\/p>\n<p>La parodontite est une infection des gencives et des os dans lesquels se trouvent les dents.<\/p>\n<p>Sympt\u00f4mes : Souvent, vous ne remarquez vous-m\u00eame la parodontite que lorsqu\u2019elle est avanc\u00e9e, car vous ne ressentez qu\u2019une petite douleur ou un petit inconfort au d\u00e9but. Par cons\u00e9quent, il est important que vous voyiez r\u00e9guli\u00e8rement un dentiste ou un hygi\u00e9niste dentaire qui sera en mesure de d\u00e9tecter et de traiter la maladie plus t\u00f4t. La parodontite commence souvent par une gingivite qui est due \u00e0 l\u2019accumulation de bact\u00e9ries et\/ ou tartre le long des gencives. Ainsi, les gencives deviennent rouges et enfl\u00e9es et saignent lorsque vous vous brossez les dents. Vous n\u2019avez pas ou peu de douleur. Au fur et \u00e0 mesure que la maladie progresse, les poches des gencives deviennent plus profondes, les dents se d\u00e9chaussent et vous pouvez avoir des abc\u00e8s dentaires. L\u2019\u00e9volution de la parodontite d\u00e9pend, entre autres, de de votre syst\u00e8me immunitaire. Si la parodontite n\u2019est pas trait\u00e9e, certaines dents peuvent tomber.<\/p>\n<p>[\/et_pb_blurb][\/et_pb_column][\/et_pb_row][et_pb_row column_structure=&#8221;1_3,1_3,1_3&#8243; _builder_version=&#8221;4.27.0&#8243; _module_preset=&#8221;default&#8221; global_colors_info=&#8221;{}&#8221;][et_pb_column type=&#8221;1_3&#8243; _builder_version=&#8221;4.27.0&#8243; _module_preset=&#8221;default&#8221; global_colors_info=&#8221;{}&#8221;][et_pb_blurb title=&#8221;Tartare&#8221; _builder_version=&#8221;4.27.0&#8243; _module_preset=&#8221;default&#8221; header_text_color=&#8221;rgba(0,0,0,0.61)&#8221; header_font_size=&#8221;35px&#8221; custom_padding=&#8221;20px|20px|20px|20px|false|false&#8221; border_width_all=&#8221;1px&#8221; border_color_all=&#8221;#0060A1&#8243; global_colors_info=&#8221;{}&#8221;]<\/p>\n<p>Le tartre est une bact\u00e9rie calcifi\u00e9e et se produit parce que les dents ne sont pas parfaitement propres. Les vieux d\u00e9bris alimentaires et les bact\u00e9ries pr\u00e9sentes dans les rev\u00eatements dentaires sont calcifi\u00e9s par le calcaire que l\u2019on trouve principalement dans la salive, donc le moyen d\u2019\u00e9viter le tartre est tout simplement une hygi\u00e8ne bucco-dentaire optimale.<\/p>\n<p>Une distinction est faite entre le tartre au-dessus et au-dessous de la ligne des gencives, mais dans tous les cas, le tartre doit \u00eatre \u00e9limin\u00e9 car il a une surface rugueuse et poreuse dans laquelle les bact\u00e9ries se coincent. Le tartre en dessous de la ligne des gencives est particuli\u00e8rement probl\u00e9matique car il provoque une inflammation dans le gencive, et si &amp; nbsp; ce tartre n\u2019est pas enlev\u00e9, l\u2019inflammation peut \u00e9voluer en parodontite, qui \u00e0 long terme peut vous faire perdre vos dents.<\/p>\n<p>[\/et_pb_blurb][\/et_pb_column][et_pb_column type=&#8221;1_3&#8243; _builder_version=&#8221;4.27.0&#8243; _module_preset=&#8221;default&#8221; global_colors_info=&#8221;{}&#8221;][et_pb_blurb title=&#8221;Muqueuses sensibles \/ Sans SLS&#8221; _builder_version=&#8221;4.27.0&#8243; _module_preset=&#8221;default&#8221; header_text_color=&#8221;rgba(0,0,0,0.61)&#8221; header_font_size=&#8221;35px&#8221; custom_padding=&#8221;20px|20px|20px|20px|false|false&#8221; border_width_all=&#8221;1px&#8221; border_color_all=&#8221;#0060A1&#8243; global_colors_info=&#8221;{}&#8221;]<\/p>\n<p><span>La boursouflure \u2013 p\u00e2le ou post\u00e9rieure \u2013 est \u00e0 c\u00f4t\u00e9 des &amp; nbsp; caries &amp; et &amp; de la parodontite la maladie de la bouche la plus courante. En fait, ce sontdes blessures douloureuses qui vont et viennent, donc les mots m\u00eame boursouflure et p\u00e2le sont trompeurs. Les plaies font mal parce qu\u2019il y a une inflammation. Une cause fr\u00e9quente de cloques dans la bouche est les aliments \u00e0 forte acidit\u00e9 tels que l\u2019alcool, le caf\u00e9 et la levure. C\u2019est peut-\u00eatre aussi parce que vous \u00eates stress\u00e9, que vous souffrez d\u2019allergies, que vous manquez de vitamines ou que vous vous \u00eates mordu la joue ou la langue. Ou vous avez juste des muqueuses sensibles. Passez \u00e0 un dentifrice sans SLS, un agent moussant suspect\u00e9 de provoquer des ampoules dans la bouche.<\/span><\/p>\n<p>[\/et_pb_blurb][\/et_pb_column][et_pb_column type=&#8221;1_3&#8243; _builder_version=&#8221;4.27.0&#8243; _module_preset=&#8221;default&#8221; global_colors_info=&#8221;{}&#8221;][\/et_pb_column][\/et_pb_row][\/et_pb_section][et_pb_section fb_built=&#8221;1&#8243; _builder_version=&#8221;4.27.0&#8243; _module_preset=&#8221;default&#8221; background_color=&#8221;rgba(0,0,0,0.19)&#8221; global_colors_info=&#8221;{}&#8221; theme_builder_area=&#8221;post_content&#8221;][et_pb_row column_structure=&#8221;1_4,1_4,1_4,1_4&#8243; _builder_version=&#8221;4.27.0&#8243; _module_preset=&#8221;default&#8221; global_colors_info=&#8221;{}&#8221; theme_builder_area=&#8221;post_content&#8221;][et_pb_column type=&#8221;1_4&#8243; _builder_version=&#8221;4.27.0&#8243; _module_preset=&#8221;default&#8221; global_colors_info=&#8221;{}&#8221; theme_builder_area=&#8221;post_content&#8221;][et_pb_text _builder_version=&#8221;4.27.0&#8243; _module_preset=&#8221;default&#8221; header_3_font=&#8221;|||on|||||&#8221; custom_margin=&#8221;||11px|||&#8221; global_colors_info=&#8221;{}&#8221; theme_builder_area=&#8221;post_content&#8221;]<\/p>\n<h3><span class=\"widget-title\">Disclaimer<\/span><\/h3>\n<p>[\/et_pb_text][et_pb_divider _builder_version=&#8221;4.27.0&#8243; _module_preset=&#8221;default&#8221; global_colors_info=&#8221;{}&#8221; theme_builder_area=&#8221;post_content&#8221;][\/et_pb_divider][et_pb_text _builder_version=&#8221;4.27.0&#8243; _module_preset=&#8221;default&#8221; text_text_color=&#8221;#000000&#8243; header_2_font=&#8221;|||on|||||&#8221; global_colors_info=&#8221;{}&#8221; theme_builder_area=&#8221;post_content&#8221;]<\/p>\n<p><span>Les informations contenues sur ce site Web ne doivent en aucun cas \u00eatre consid\u00e9r\u00e9es comme un substitut \u00e0 des conseils ou \u00e0 un traitement professionnels comp\u00e9tents. Si vous avez des doutes sur l\u2019hygi\u00e8ne bucco-dentaire g\u00e9n\u00e9rale, les saignements des gencives, la gingivite et \/ ou la maladie parodontale, consultez votre m\u00e9decin ou votre dentiste pour obtenir des r\u00e9ponses et des conseils sur le traitement. Le contenu de ce site Web ne peut pas \u00eatre utilis\u00e9 pour diagnostiquer ou d\u00e9terminer un traitement.<\/span><\/p>\n<p>[\/et_pb_text][\/et_pb_column][et_pb_column type=&#8221;1_4&#8243; _builder_version=&#8221;4.27.0&#8243; _module_preset=&#8221;default&#8221; global_colors_info=&#8221;{}&#8221; theme_builder_area=&#8221;post_content&#8221;][et_pb_text _builder_version=&#8221;4.27.0&#8243; _module_preset=&#8221;default&#8221; header_3_font=&#8221;|||on|||||&#8221; custom_margin=&#8221;||11px|||&#8221; global_colors_info=&#8221;{}&#8221; theme_builder_area=&#8221;post_content&#8221;]<\/p>\n<h3><span class=\"widget-title\">Juridique<\/span><\/h3>\n<p>[\/et_pb_text][et_pb_divider _builder_version=&#8221;4.27.0&#8243; _module_preset=&#8221;default&#8221; global_colors_info=&#8221;{}&#8221; theme_builder_area=&#8221;post_content&#8221;][\/et_pb_divider][et_pb_text _builder_version=&#8221;4.27.0&#8243; _module_preset=&#8221;default&#8221; header_2_font=&#8221;|||on|||||&#8221; global_colors_info=&#8221;{}&#8221; theme_builder_area=&#8221;post_content&#8221;]<\/p>\n<p><span style=\"color: #000000;\"><a href=\"\/fr\/politique-de-confidentialite\/\" style=\"color: #000000;\">Politique de confidentialit\u00e9<\/a><\/span><\/p>\n<p>[\/et_pb_text][\/et_pb_column][et_pb_column type=&#8221;1_4&#8243; _builder_version=&#8221;4.27.0&#8243; _module_preset=&#8221;default&#8221; global_colors_info=&#8221;{}&#8221; theme_builder_area=&#8221;post_content&#8221;][et_pb_text _builder_version=&#8221;4.27.0&#8243; _module_preset=&#8221;default&#8221; header_3_font=&#8221;|||on|||||&#8221; custom_margin=&#8221;||11px|||&#8221; global_colors_info=&#8221;{}&#8221; theme_builder_area=&#8221;post_content&#8221;]<\/p>\n<h3><span>Contactez-nous<\/span><\/h3>\n<p>[\/et_pb_text][et_pb_divider _builder_version=&#8221;4.27.0&#8243; _module_preset=&#8221;default&#8221; global_colors_info=&#8221;{}&#8221; theme_builder_area=&#8221;post_content&#8221;][\/et_pb_divider][et_pb_text _builder_version=&#8221;4.27.0&#8243; _module_preset=&#8221;default&#8221; header_2_font=&#8221;|||on|||||&#8221; global_colors_info=&#8221;{}&#8221; theme_builder_area=&#8221;post_content&#8221;]<\/p>\n<p data-padding=\"10px\"><span style=\"color: #000000;\">Fenucure Medical \/ Brandbox Twenty B. V. ,<\/span><\/p>\n<p data-padding=\"10px\"><span style=\"color: #000000;\">Klokgebouw 221<\/span><\/p>\n<p data-padding=\"10px\"><span style=\"color: #000000;\">NL-5091TC Eindhoven<\/span><\/p>\n<p data-padding=\"10px\"><span style=\"color: #000000;\">The Netherlands<\/span><\/p>\n<p data-padding=\"10px\"><span style=\"color: #000000;\">Tel. +31 850605010<\/span><br \/><span style=\"color: #000000;\"><a href=\"mailto:dentacure@brandboxtwenty.com\" style=\"color: #000000;\">dentacure@brandboxtwenty.com<\/a><\/span><\/p>\n<p><span style=\"color: #000000;\">Attention: Les marchandises ne peuvent pas \u00eatre ramass\u00e9es \u00e0 l\u2019adresse de l\u2019entreprise.<\/span><\/p>\n<p><span class=\"widget-title\" style=\"color: #000000;\"><span style=\"font-size: 11.0pt;\">\u00a0<\/span><\/span><\/p>\n<p>[\/et_pb_text][\/et_pb_column][et_pb_column type=&#8221;1_4&#8243; _builder_version=&#8221;4.27.0&#8243; _module_preset=&#8221;default&#8221; global_colors_info=&#8221;{}&#8221; theme_builder_area=&#8221;post_content&#8221;][et_pb_text _builder_version=&#8221;4.27.0&#8243; _module_preset=&#8221;default&#8221; header_3_font=&#8221;|||on|||||&#8221; custom_margin=&#8221;||11px|||&#8221; global_colors_info=&#8221;{}&#8221; theme_builder_area=&#8221;post_content&#8221;]<\/p>\n<h3><span class=\"widget-title\"><span>Suivez-nous<\/span><\/span><\/h3>\n<p>[\/et_pb_text][et_pb_divider _builder_version=&#8221;4.27.0&#8243; _module_preset=&#8221;default&#8221; global_colors_info=&#8221;{}&#8221; theme_builder_area=&#8221;post_content&#8221;][\/et_pb_divider][et_pb_social_media_follow _builder_version=&#8221;4.27.0&#8243; _module_preset=&#8221;default&#8221; global_colors_info=&#8221;{}&#8221; theme_builder_area=&#8221;post_content&#8221;][et_pb_social_media_follow_network social_network=&#8221;facebook&#8221; url=&#8221;https:\/\/www.facebook.com\/DentaCureDK?_ga=2.14681014.1868957381.1724326408-988151859.1724326408&#038;checkpoint_src=any&#8221; _builder_version=&#8221;4.27.0&#8243; _module_preset=&#8221;default&#8221; background_color=&#8221;#3b5998&#8243; custom_button=&#8221;on&#8221; button_text_size=&#8221;1px&#8221; button_text_color=&#8221;#FFFFFF&#8221; global_colors_info=&#8221;{}&#8221; theme_builder_area=&#8221;post_content&#8221; follow_button=&#8221;off&#8221; url_new_window=&#8221;on&#8221;]facebook[\/et_pb_social_media_follow_network][\/et_pb_social_media_follow][\/et_pb_column][\/et_pb_row][\/et_pb_section]<\/p>\n","protected":false},"excerpt":{"rendered":"<p>L\u2019hygi\u00e8ne bucco-dentaire est essentielle pour votre bien-\u00eatre g\u00e9n\u00e9ral. Les bact\u00e9ries et l\u2019inflammation des gencives se propagent au reste du corps et peuvent provoquer des maladies et affaiblir le syst\u00e8me immunitaire. Une mauvaise hygi\u00e8ne bucco-dentaire est l\u2019une des causes du d\u00e9veloppement de la gingivite, des caries et des dents d\u00e9chauss\u00e9es (parodontite). Une bonne hygi\u00e8ne bucco-dentaire est [&hellip;]<\/p>\n","protected":false},"author":1,"featured_media":0,"parent":0,"menu_order":0,"comment_status":"closed","ping_status":"closed","template":"","meta":{"_et_pb_use_builder":"on","_et_pb_old_content":"","_et_gb_content_width":"","footnotes":""},"class_list":["post-1112","page","type-page","status-publish","hentry"],"_links":{"self":[{"href":"https:\/\/dentacure.com\/fr\/wp-json\/wp\/v2\/pages\/1112","targetHints":{"allow":["GET"]}}],"collection":[{"href":"https:\/\/dentacure.com\/fr\/wp-json\/wp\/v2\/pages"}],"about":[{"href":"https:\/\/dentacure.com\/fr\/wp-json\/wp\/v2\/types\/page"}],"author":[{"embeddable":true,"href":"https:\/\/dentacure.com\/fr\/wp-json\/wp\/v2\/users\/1"}],"replies":[{"embeddable":true,"href":"https:\/\/dentacure.com\/fr\/wp-json\/wp\/v2\/comments?post=1112"}],"version-history":[{"count":4,"href":"https:\/\/dentacure.com\/fr\/wp-json\/wp\/v2\/pages\/1112\/revisions"}],"predecessor-version":[{"id":1937,"href":"https:\/\/dentacure.com\/fr\/wp-json\/wp\/v2\/pages\/1112\/revisions\/1937"}],"wp:attachment":[{"href":"https:\/\/dentacure.com\/fr\/wp-json\/wp\/v2\/media?parent=1112"}],"curies":[{"name":"wp","href":"https:\/\/api.w.org\/{rel}","templated":true}]}}