{"id":1132,"date":"2024-07-21T23:08:12","date_gmt":"2024-07-21T23:08:12","guid":{"rendered":"http:\/\/dentacure.com\/om-oss\/"},"modified":"2024-09-16T08:23:40","modified_gmt":"2024-09-16T08:23:40","slug":"om-oss","status":"publish","type":"page","link":"https:\/\/dentacure.com\/sv\/om-oss\/","title":{"rendered":"OM OSS"},"content":{"rendered":"<p>[et_pb_section fb_built=&#8221;1&#8243; _builder_version=&#8221;4.27.0&#8243; _module_preset=&#8221;default&#8221; custom_padding=&#8221;||7px|||&#8221; global_colors_info=&#8221;{}&#8221;][et_pb_row column_structure=&#8221;3_5,2_5&#8243; _builder_version=&#8221;4.27.0&#8243; _module_preset=&#8221;default&#8221; global_colors_info=&#8221;{}&#8221;][et_pb_column type=&#8221;3_5&#8243; _builder_version=&#8221;4.27.0&#8243; _module_preset=&#8221;default&#8221; global_colors_info=&#8221;{}&#8221;][et_pb_text _builder_version=&#8221;4.27.0&#8243; _module_preset=&#8221;default&#8221; global_colors_info=&#8221;{}&#8221;]<\/p>\n<div class=\"fusion-text fusion-text-2\" style=\"--awb-content-alignment: center;\">\n<h1 class=\"et_pb_module_heading et-fb-editable-element et-fb-editable-element__editing\" data-shortcode-id=\"1.0.0.1-1724671439681\" data-quickaccess-id=\"title\" contenteditable=\"true\">Historia<\/h1>\n<p>Fenucure Medical ApS \u00e4r ett dansk bioteknikf\u00f6retag som har funnits i mer \u00e4n 10 \u00e5r.<\/p>\n<p>\u201dMin mamma led i m\u00e5nga \u00e5r av tandk\u00f6tsinflammation, som tyv\u00e4rr utvecklades till parodontit. Parodontit p\u00e5verkade inte bara hennes munhygien och allm\u00e4nna v\u00e4lbefinnande utan p\u00e5verkade henne ocks\u00e5 socialt. Hon fick d\u00e5lig andedr\u00e4kt och \u00e5t pepparmynta pastiller hela tiden, men det hj\u00e4lpte inte riktigt. Hon fr\u00e5gade d\u00e4rf\u00f6r om jag kunde hj\u00e4lpa henne och jag b\u00f6rjade unders\u00f6ka alternativa l\u00e4kningsalternativ.<\/p>\n<p>Jag l\u00e4ste allt jag kunde hitta om gamla \u00f6rter och deras effekt och efter att ha l\u00e4st om de antika munkarnas \u00f6rttr\u00e4dg\u00e5rdar b\u00f6rjade jag experimentera med ett avkok av bockhornskl\u00f6ver, k\u00e4nt f\u00f6r sina antiinflammatoriska egenskaper.<\/p>\n<p>Efter m\u00e5nga \u00e5rs utveckling och or\u00e4kneliga f\u00f6rs\u00f6k i mycket stora krukor p\u00e5 kaminen kom jag till ett mycket effektivt avkok. Det h\u00e4r avkoket gurglade min mamma och l\u00f6ste p\u00e5 ett mirakul\u00f6st s\u00e4tt hennes tandk\u00f6ttsproblem. Detta avkok blev grunden f\u00f6r receptet f\u00f6r en god och effektiv tandkr\u00e4m. Effekten av avkoket innebar ocks\u00e5 att jag inte beh\u00f6vde l\u00e4gga till o\u00f6nskad kemi, vilket jag egentligen \u00e4r emot p.g.a. risk f\u00f6r biverkningar.<\/p>\n<p>Idag har min mamma inga tandk\u00f6ttsproblem och hon har \u00e5terf\u00e5tt sin livskvalitet. Jag hoppas att DentaCure ocks\u00e5 kan hj\u00e4lpa m\u00e5nga andra som har liknande problem.<\/p>\n<p>Jens Olsen, uppfinnare av DentaCure<\/p>\n<\/div>\n<p>[\/et_pb_text][et_pb_heading _builder_version=&#8221;4.27.0&#8243; _module_preset=&#8221;default&#8221; global_colors_info=&#8221;{}&#8221;][\/et_pb_heading][\/et_pb_column][et_pb_column type=&#8221;2_5&#8243; _builder_version=&#8221;4.27.0&#8243; _module_preset=&#8221;default&#8221; global_colors_info=&#8221;{}&#8221;][et_pb_text _builder_version=&#8221;4.27.0&#8243; _module_preset=&#8221;default&#8221; global_colors_info=&#8221;{}&#8221;]<\/p>\n<div class=\"fusion-text fusion-text-2\" style=\"--awb-content-alignment: center;\">\n<h2>Produktion og kvalitet<\/h2>\n<p><span>DentaCure-tandkr\u00e4m produceras i produktionsanl\u00e4ggningar med h\u00f6gsta kvalitetsstandard som GMP och ISO-certifiering. Vi anv\u00e4nder specifikationer av h\u00f6g kvalitet och \u00e4r IFS HPC, ISO 9001: 2008, ISO 14001: 2015 och certifierade C-GMP. Fabriken har sin egen forskning och utveckling samt kvalitetss\u00e4kring och mikrolaboratorium.<\/span><\/p>\n<p><span><\/span><\/p>\n<h2>Kontakt oss<\/h2>\n<p>Fenucure Medical ApS.<br \/>Nym\u00f8llevej 50<br \/>DK-2800 Kongens Lyngby,\u00a0 \u00a0 \u00a0 \u00a0 \u00a0 \u00a0 \u00a0 \u00a0 \u00a0 \u00a0 \u00a0 \u00a0 \u00a0 \u00a0<\/p>\n<p>Danmark<\/p>\n<p>Tlf. +45 50847223<br \/><a href=\"mailto:info@fenucure.com\">info@fenucure.com<\/a><br \/>Facebook.dk\/dentacure<\/p>\n<\/div>\n<p>[\/et_pb_text][\/et_pb_column][\/et_pb_row][\/et_pb_section][et_pb_section fb_built=&#8221;1&#8243; _builder_version=&#8221;4.27.0&#8243; _module_preset=&#8221;default&#8221; background_color=&#8221;RGBA(177,207,174,0.24)&#8221; custom_padding=&#8221;5px||0px|||&#8221; global_colors_info=&#8221;{}&#8221;][et_pb_row _builder_version=&#8221;4.27.0&#8243; _module_preset=&#8221;default&#8221; global_colors_info=&#8221;{}&#8221;][et_pb_column type=&#8221;4_4&#8243; _builder_version=&#8221;4.27.0&#8243; _module_preset=&#8221;default&#8221; global_colors_info=&#8221;{}&#8221;][et_pb_heading title=&#8221;Fr\u00e5gor och svar&#8221; _builder_version=&#8221;4.27.0&#8243; _module_preset=&#8221;default&#8221; title_level=&#8221;h3&#8243; title_text_align=&#8221;center&#8221; title_text_color=&#8221;#B1CFAE&#8221; title_font_size=&#8221;39px&#8221; global_colors_info=&#8221;{}&#8221;][\/et_pb_heading][\/et_pb_column][\/et_pb_row][\/et_pb_section][et_pb_section fb_built=&#8221;1&#8243; _builder_version=&#8221;4.27.0&#8243; _module_preset=&#8221;default&#8221; background_color=&#8221;#B1CFAE&#8221; global_colors_info=&#8221;{}&#8221;][et_pb_row column_structure=&#8221;1_3,1_3,1_3&#8243; _builder_version=&#8221;4.27.0&#8243; _module_preset=&#8221;default&#8221; global_colors_info=&#8221;{}&#8221;][et_pb_column type=&#8221;1_3&#8243; _builder_version=&#8221;4.27.0&#8243; _module_preset=&#8221;default&#8221; global_colors_info=&#8221;{}&#8221;][et_pb_toggle title=&#8221;\u00c4r DentaCure godk\u00e4nt av officiella myndigheter?&#8221; _builder_version=&#8221;4.27.0&#8243; _module_preset=&#8221;default&#8221; custom_margin=&#8221;||31px|||&#8221; global_colors_info=&#8221;{}&#8221;]<\/p>\n<p><i>Ja, DentaCure \u00e4r registrerat som klass 1 f\u00f6r medicinsk utrustning under danska l\u00e4kemedelsverket. Dessutom gav konsumentr\u00e5det T\u00e6nks KemiLup 2019 DentaCure b\u00e4sta betyg, \u201dA-kolbe\u201d; \u201dutan o\u00f6nskad kemi, utan hormonst\u00f6rande \u00e4mnen och utan milj\u00f6farliga \u00e4mnen\u201d<\/i><\/p>\n<p>[\/et_pb_toggle][et_pb_toggle title=&#8221;Finns det fluor i DentaCureTandkr\u00e4m?&#8221; _builder_version=&#8221;4.27.0&#8243; _module_preset=&#8221;default&#8221; custom_margin=&#8221;6px||31px|||&#8221; global_colors_info=&#8221;{}&#8221;]<\/p>\n<p><i>Ja, det finns 1450 ppm fluor i DentaCure tandkr\u00e4m. Tandl\u00e4karf\u00f6reningen rekommenderar att man anv\u00e4nder fluortandkr\u00e4m, eftersom fluor i tandkr\u00e4m h\u00e4mmar utvecklingen av karies. Vuxna b\u00f6r borsta t\u00e4nderna med 1.450\u20131.500 ppm fluortandkr\u00e4m. F\u00f6r vuxna, anv\u00e4nd en m\u00e4ngd motsvarande en \u00e4rta f\u00f6r vanlig tandborstning.<\/i><\/p>\n<p>[\/et_pb_toggle][et_pb_toggle title=&#8221;Kan barn under 6 \u00e5r inte anv\u00e4nda DentaCure Tandkr\u00e4m?&#8221; _builder_version=&#8221;4.27.0&#8243; _module_preset=&#8221;default&#8221; custom_margin=&#8221;8px||31px|||&#8221; global_colors_info=&#8221;{}&#8221;]<\/p>\n<p><i>\u201dVuxen tandkr\u00e4m\u201d anv\u00e4nds v\u00e4l f\u00f6r barn fr\u00e5n 13-14 m\u00e5naders \u00e5lder, dock i en begr\u00e4nsad m\u00e4ngd motsvarande storleken mindre \u00e4n en \u00e4rt och \u00f6vervaka borstningen f\u00f6r att minimera intaget. Tala med din l\u00e4kare eller tandl\u00e4kare om du ocks\u00e5 tar fluor fr\u00e5n andra k\u00e4llor.<\/i><\/p>\n<p>[\/et_pb_toggle][et_pb_toggle title=&#8221;Ska tandkr\u00e4m vara brunaktig?&#8221; _builder_version=&#8221;4.27.0&#8243; _module_preset=&#8221;default&#8221; custom_margin=&#8221;||31px|||&#8221; global_colors_info=&#8221;{}&#8221;]<\/p>\n<p><i>Den aktiva ingrediensen \u201dBockhornskl\u00f6verfr\u00f6n\u201d \u00e4r brunaktig \/ gulaktig och ger f\u00e4rg till sj\u00e4lva tandkr\u00e4m. F\u00f6r att undvika o\u00f6nskad kemi i v\u00e5r tandkr\u00e4m l\u00e4gger vi inte till on\u00f6dig m\u00e4ngd blekmedel som \u00e4r n\u00f6dv\u00e4ndigt f\u00f6r att tandkr\u00e4mens f\u00e4rg ska bli helt vit.<\/i><\/p>\n<p>[\/et_pb_toggle][et_pb_toggle title=&#8221;\u00c4r DentaCure recept obligatoriskt?&#8221; _builder_version=&#8221;4.27.0&#8243; _module_preset=&#8221;default&#8221; custom_margin=&#8221;4px||31px|||&#8221; global_colors_info=&#8221;{}&#8221;]<\/p>\n<p><i>DentaCure kr\u00e4ver inget recept och kan k\u00f6pas p\u00e5 Dentacure.com, i Coop -butiker, p\u00e5 Matas.dk och i Helsam-butikerer<\/i><\/p>\n<p>[\/et_pb_toggle][et_pb_toggle title=&#8221;Hur snabbt fungerar DentaCure? &#8221; _builder_version=&#8221;4.27.0&#8243; _module_preset=&#8221;default&#8221; custom_margin=&#8221;-8px||31px|||&#8221; global_colors_info=&#8221;{}&#8221;]<\/p>\n<p><i>Effekten fr\u00e5n DentaCure kan upplevas efter ca. 1-2 veckor. Detta beror dock p\u00e5 sv\u00e5righetsgraden av bl\u00f6dning \/ inflammation i tandk\u00f6ttet, allm\u00e4n h\u00e4lsostillst\u00e5nd och effektiviteten hos tandborstning.\u00a0<\/i><\/p>\n<p>[\/et_pb_toggle][et_pb_toggle title=&#8221;Fungerar DentaCure mod Tartar?&#8221; _builder_version=&#8221;4.27.0&#8243; _module_preset=&#8221;default&#8221; custom_margin=&#8221;-8px||31px|||&#8221; global_colors_info=&#8221;{}&#8221;]<\/p>\n<p><i>Otaliga \u00e5terkopplingar fr\u00e5n konsumenter och tandl\u00e4kare som har erfarenhet av DentaCure p\u00e5pekar att tandsten kan reduceras genom att anv\u00e4nda DentaCure och daglig tandborstning.<\/i><\/p>\n<p>[\/et_pb_toggle][\/et_pb_column][et_pb_column type=&#8221;1_3&#8243; _builder_version=&#8221;4.27.0&#8243; _module_preset=&#8221;default&#8221; global_colors_info=&#8221;{}&#8221;][et_pb_toggle title=&#8221;Vad \u00e4r skillnaden mellan DentaCure och andra \u201dvanliga\u201d tandkr\u00e4m?&#8221; _builder_version=&#8221;4.27.0&#8243; _module_preset=&#8221;default&#8221; custom_margin=&#8221;||31px|||&#8221; global_colors_info=&#8221;{}&#8221;]<\/p>\n<p><i>DentaCure<\/i><i><span>\u00a0<\/span>inneh\u00e5ller extrakt av bockhornskl\u00f6verfr\u00f6n som \u00e4r k\u00e4nda och dokumenterade som antiinflammatoriska. Extraktet framtr\u00e4der via en patenterad process som ger den antiinflammatoriska effekten och hj\u00e4lper till att lindra och minska bl.a. bl\u00f6dande och inflammerat tandk\u00f6tt. Dessutom har ingen o\u00f6nskad kemi lagts till i DentaCure t.ex. Falater, Triklosan, klorhexidin eller v\u00e4teperoxid.<\/i><\/p>\n<p>[\/et_pb_toggle][et_pb_toggle title=&#8221;Inneh\u00e5llar DentaCure  PTFE\/PFAS\/PFOS?&#8221; _builder_version=&#8221;4.27.0&#8243; _module_preset=&#8221;default&#8221; custom_margin=&#8221;||31px|||&#8221; global_colors_info=&#8221;{}&#8221;]<\/p>\n<p><i>Nej<\/i><\/p>\n<p>[\/et_pb_toggle][et_pb_toggle title=&#8221;Vad \u00e4r Bockhornskl\u00f6ver som \u00e4r ingrediens i DentaCure tandkr\u00e4m?&#8221; _builder_version=&#8221;4.27.0&#8243; _module_preset=&#8221;default&#8221; custom_margin=&#8221;||31px|||&#8221; global_colors_info=&#8221;{}&#8221;]<\/p>\n<p><i>Bockhornskl\u00f6verfr\u00f6n \u00e4r en \u00f6rtartad v\u00e4xt som v\u00e4xer i Nordafrika, Mellan\u00f6stern och syd\u00f6stra Europa. Vi k\u00e4nner fr\u00f6erna b\u00e4st h\u00e4r hemma fr\u00e5n indisk curry, eftersom de \u00e4r en fast ingrediens i de flesta curryblandningar tillsammans med gurkmeja. Det \u00e4r faktiskt dessa fr\u00f6n som ger curryen dess speciella lukt. Bockhornskl\u00f6vern inneh\u00e5ller \u00e4mnen som har en god antioxidant effekt, och fr\u00f6na fr\u00e5n v\u00e4xten har i tusentals \u00e5r anv\u00e4nts som en naturlig medicin mot: inflammation, f\u00f6rgiftning, mag \/ tarmproblem, halsbr\u00e4nna, mags\u00e5r och feber.<\/i><\/p>\n<p>[\/et_pb_toggle][et_pb_toggle title=&#8221;B\u00f6r tandborstning med DentaCure kompletteras med tandborstning med \u201dvanliga\u201d typer av tandkr\u00e4m?&#8221; _builder_version=&#8221;4.27.0&#8243; _module_preset=&#8221;default&#8221; custom_margin=&#8221;||31px|||&#8221; global_colors_info=&#8221;{}&#8221;]<\/p>\n<p><i>Nej, DentaCure anv\u00e4nds som en vanlig tandkr\u00e4m. DentaCure hj\u00e4lper till med god daglig munhygien och inneh\u00e5ller fluorid som h\u00e4mmar kariesutveckling och som rekommenderas av danska tandl\u00e4karf\u00f6rbundet.<\/i><\/p>\n<p>[\/et_pb_toggle][et_pb_toggle title=&#8221;Inneh\u00e5ller DentaCure mikroplast?&#8221; _builder_version=&#8221;4.27.0&#8243; _module_preset=&#8221;default&#8221; custom_margin=&#8221;||31px|||&#8221; global_colors_info=&#8221;{}&#8221;]<\/p>\n<p><i>Nej, DentaCure inneh\u00e5ller inte mikroplast som slipmedel. I st\u00e4llet inneh\u00e5ller DentaCure naturligt mikrosand som ett slipmedel.<\/i><\/p>\n<p>[\/et_pb_toggle][et_pb_toggle title=&#8221;Inneh\u00e5ller DentaCure Phtalater?&#8221; _builder_version=&#8221;4.27.0&#8243; _module_preset=&#8221;default&#8221; custom_margin=&#8221;-2px||28px|||&#8221; custom_padding=&#8221;17px|||||&#8221; global_colors_info=&#8221;{}&#8221;]<\/p>\n<p><i>Nej<\/i><\/p>\n<p>[\/et_pb_toggle][\/et_pb_column][et_pb_column type=&#8221;1_3&#8243; _builder_version=&#8221;4.27.0&#8243; _module_preset=&#8221;default&#8221; global_colors_info=&#8221;{}&#8221;][et_pb_toggle title=&#8221;Inneh\u00e5ller DentaCure Parabener?&#8221; _builder_version=&#8221;4.27.0&#8243; _module_preset=&#8221;default&#8221; custom_margin=&#8221;||31px|||&#8221; global_colors_info=&#8221;{}&#8221;]<\/p>\n<p><i>Nej<\/i><\/p>\n<p>[\/et_pb_toggle][et_pb_toggle title=&#8221;Inneh\u00e5ller DentaCure Triklosan?&#8221; _builder_version=&#8221;4.27.0&#8243; _module_preset=&#8221;default&#8221; custom_margin=&#8221;||38px|||&#8221; global_colors_info=&#8221;{}&#8221;]<\/p>\n<p><i>Nej<\/i><\/p>\n<p>[\/et_pb_toggle][et_pb_toggle title=&#8221;Inneh\u00e5ller DentaCure klorhexidin?&#8221; _builder_version=&#8221;4.27.0&#8243; _module_preset=&#8221;default&#8221; custom_margin=&#8221;-11px||29px|||&#8221; global_colors_info=&#8221;{}&#8221;]<\/p>\n<p><i>Nej<\/i><\/p>\n<p>[\/et_pb_toggle][et_pb_toggle title=&#8221;\u00c4r DentaCure ekologiskt?&#8221; _builder_version=&#8221;4.27.0&#8243; _module_preset=&#8221;default&#8221; custom_margin=&#8221;||27px|||&#8221; global_colors_info=&#8221;{}&#8221;]<\/p>\n<p><span>Nej, DentaCure \u00e4r inte ekologisk, eftersom tandkr\u00e4m bl.a. inneh\u00e5ller fluor, vilket rekommenderas av danska tandl\u00e4karf\u00f6rbundet.<\/span><\/p>\n<p>[\/et_pb_toggle][et_pb_toggle title=&#8221;\u00c4r DentaCure Vegansk?&#8221; _builder_version=&#8221;4.27.0&#8243; _module_preset=&#8221;default&#8221; custom_margin=&#8221;||46px|||&#8221; global_colors_info=&#8221;{}&#8221;]<\/p>\n<p><i>DentaCure<\/i><i><span>\u00a0<\/span>\u00e4r vegan och produceras utan ingredienser av animaliskt ursprung. vegansk og produceret uden ingredienser af animalsk oprindelse.<\/i><\/p>\n<p>[\/et_pb_toggle][et_pb_toggle title=&#8221;Hur ofta ska man anv\u00e4nda DentaCure Tandkr\u00e4m?&#8221; _builder_version=&#8221;4.27.0&#8243; _module_preset=&#8221;default&#8221; custom_margin=&#8221;-12px||28px|||&#8221; global_colors_info=&#8221;{}&#8221;]<\/p>\n<p><i>DentaCure<\/i><i><span>\u00a0<\/span>kan anv\u00e4ndas som en vanlig tandkr\u00e4m och det rekommenderas att borsta t\u00e4nderna tv\u00e5 g\u00e5nger om dagen.kan bruges som almindelig tandpasta og der anbefales at b\u00f8rste t\u00e6nder 2 gange dagligt.<\/i><\/p>\n<p>[\/et_pb_toggle][et_pb_toggle title=&#8221;Fungerar DentaCure mod tandk\u00f6ttsproblem? &#8221; _builder_version=&#8221;4.27.0&#8243; _module_preset=&#8221;default&#8221; custom_margin=&#8221;10px|||||&#8221; global_colors_info=&#8221;{}&#8221;]<\/p>\n<p><i>Ja. Studier vid New Haven University har testat och dokumenterat den antiinflammatoriska effekten av DentaCure mot bl\u00f6dande tandk\u00f6tt och tandk\u00f6ttsinflammation. Dessutom rekommenderar flera tandl\u00e4kare DentaCure vid behandling av tandk\u00f6ttsproblem<\/i><\/p>\n<p>[\/et_pb_toggle][\/et_pb_column][\/et_pb_row][\/et_pb_section][et_pb_section fb_built=&#8221;1&#8243; _builder_version=&#8221;4.27.0&#8243; _module_preset=&#8221;default&#8221; background_color=&#8221;rgba(0,0,0,0.19)&#8221; global_colors_info=&#8221;{}&#8221; theme_builder_area=&#8221;post_content&#8221;][et_pb_row column_structure=&#8221;1_4,1_4,1_4,1_4&#8243; _builder_version=&#8221;4.27.0&#8243; _module_preset=&#8221;default&#8221; global_colors_info=&#8221;{}&#8221; theme_builder_area=&#8221;post_content&#8221;][et_pb_column type=&#8221;1_4&#8243; _builder_version=&#8221;4.27.0&#8243; _module_preset=&#8221;default&#8221; global_colors_info=&#8221;{}&#8221; theme_builder_area=&#8221;post_content&#8221;][et_pb_text _builder_version=&#8221;4.27.0&#8243; _module_preset=&#8221;default&#8221; header_3_font=&#8221;|||on|||||&#8221; custom_margin=&#8221;||11px|||&#8221; global_colors_info=&#8221;{}&#8221; theme_builder_area=&#8221;post_content&#8221;]<\/p>\n<h3><span class=\"widget-title\">Disclaimer<\/span><\/h3>\n<p>[\/et_pb_text][et_pb_divider _builder_version=&#8221;4.27.0&#8243; _module_preset=&#8221;default&#8221; global_colors_info=&#8221;{}&#8221; theme_builder_area=&#8221;post_content&#8221;][\/et_pb_divider][et_pb_text _builder_version=&#8221;4.27.0&#8243; _module_preset=&#8221;default&#8221; text_text_color=&#8221;#000000&#8243; header_2_font=&#8221;|||on|||||&#8221; global_colors_info=&#8221;{}&#8221; theme_builder_area=&#8221;post_content&#8221;]<\/p>\n<p><span>Informationen p\u00e5 denna webbplats b\u00f6r under inga omst\u00e4ndigheter betraktas som en ers\u00e4ttning f\u00f6r kompetent professionell r\u00e5dgivning eller behandling. Om du har n\u00e5gra tvivel om allm\u00e4n munhygien, bl\u00f6dande tandk\u00f6tt, tandk\u00f6ttsinflammation och \/ eller periodontal sjukdom, kontakta din l\u00e4kare eller tandl\u00e4kare f\u00f6r svar och r\u00e5d om behandling. Inneh\u00e5llet p\u00e5 denna webbplats kan inte anv\u00e4ndas f\u00f6r att diagnostisera eller best\u00e4mma en behandling.<\/span><\/p>\n<p>[\/et_pb_text][\/et_pb_column][et_pb_column type=&#8221;1_4&#8243; _builder_version=&#8221;4.27.0&#8243; _module_preset=&#8221;default&#8221; global_colors_info=&#8221;{}&#8221; theme_builder_area=&#8221;post_content&#8221;][et_pb_text _builder_version=&#8221;4.27.0&#8243; _module_preset=&#8221;default&#8221; header_3_font=&#8221;|||on|||||&#8221; custom_margin=&#8221;||11px|||&#8221; global_colors_info=&#8221;{}&#8221; theme_builder_area=&#8221;post_content&#8221;]<\/p>\n<h3><span class=\"widget-title\">R\u00e4ttslig<\/span><\/h3>\n<p>[\/et_pb_text][et_pb_divider _builder_version=&#8221;4.27.0&#8243; _module_preset=&#8221;default&#8221; global_colors_info=&#8221;{}&#8221; theme_builder_area=&#8221;post_content&#8221;][\/et_pb_divider][et_pb_text _builder_version=&#8221;4.27.0&#8243; _module_preset=&#8221;default&#8221; header_2_font=&#8221;|||on|||||&#8221; global_colors_info=&#8221;{}&#8221; theme_builder_area=&#8221;post_content&#8221;]<\/p>\n<p><span style=\"color: #000000;\"><a href=\"\/sv\/integritetspolicy\/\" style=\"color: #000000;\">Integritetspolitk<\/a><\/span><\/p>\n<p>[\/et_pb_text][\/et_pb_column][et_pb_column type=&#8221;1_4&#8243; _builder_version=&#8221;4.27.0&#8243; _module_preset=&#8221;default&#8221; global_colors_info=&#8221;{}&#8221; theme_builder_area=&#8221;post_content&#8221;][et_pb_text _builder_version=&#8221;4.27.0&#8243; _module_preset=&#8221;default&#8221; header_3_font=&#8221;|||on|||||&#8221; custom_margin=&#8221;||11px|||&#8221; global_colors_info=&#8221;{}&#8221; theme_builder_area=&#8221;post_content&#8221;]<\/p>\n<h3><span class=\"widget-title\">Kontakta oss<\/span><\/h3>\n<p>[\/et_pb_text][et_pb_divider _builder_version=&#8221;4.27.0&#8243; _module_preset=&#8221;default&#8221; global_colors_info=&#8221;{}&#8221; theme_builder_area=&#8221;post_content&#8221;][\/et_pb_divider][et_pb_text _builder_version=&#8221;4.27.0&#8243; _module_preset=&#8221;default&#8221; header_2_font=&#8221;|||on|||||&#8221; global_colors_info=&#8221;{}&#8221; theme_builder_area=&#8221;post_content&#8221;]<\/p>\n<p data-padding=\"10px\"><span style=\"color: #000000;\">Fenucure Medical ApS<\/span><br \/><span style=\"color: #000000;\">Nym\u00f8llevej 50<\/span><br \/><span style=\"color: #000000;\">DK-2800 Kongens Lyngby<\/span><br \/><span style=\"color: #000000;\">Denmark<\/span><br \/><span style=\"color: #000000;\">Tlf. +45 50847223<\/span><br \/><span style=\"color: #000000;\"><a href=\"mailto:info@fenucure.com\" style=\"color: #000000;\">info@fenucure.com<\/a><\/span><\/p>\n<p><span class=\"widget-title\"><span style=\"font-size: 11.0pt;\">\u00a0<\/span><\/span><\/p>\n<p>[\/et_pb_text][\/et_pb_column][et_pb_column type=&#8221;1_4&#8243; _builder_version=&#8221;4.27.0&#8243; _module_preset=&#8221;default&#8221; global_colors_info=&#8221;{}&#8221; theme_builder_area=&#8221;post_content&#8221;][et_pb_text _builder_version=&#8221;4.27.0&#8243; _module_preset=&#8221;default&#8221; header_3_font=&#8221;|||on|||||&#8221; custom_margin=&#8221;||11px|||&#8221; global_colors_info=&#8221;{}&#8221; theme_builder_area=&#8221;post_content&#8221;]<\/p>\n<h3><span class=\"widget-title\">F\u00f6lj oss<br \/><\/span><\/h3>\n<p>[\/et_pb_text][et_pb_divider _builder_version=&#8221;4.27.0&#8243; _module_preset=&#8221;default&#8221; global_colors_info=&#8221;{}&#8221; theme_builder_area=&#8221;post_content&#8221;][\/et_pb_divider][et_pb_social_media_follow _builder_version=&#8221;4.27.0&#8243; _module_preset=&#8221;default&#8221; global_colors_info=&#8221;{}&#8221; theme_builder_area=&#8221;post_content&#8221;][et_pb_social_media_follow_network social_network=&#8221;facebook&#8221; url=&#8221;https:\/\/www.facebook.com\/DentaCureDK?_ga=2.14681014.1868957381.1724326408-988151859.1724326408&#038;checkpoint_src=any&#8221; _builder_version=&#8221;4.27.0&#8243; _module_preset=&#8221;default&#8221; background_color=&#8221;#3b5998&#8243; custom_button=&#8221;on&#8221; button_text_size=&#8221;1px&#8221; button_text_color=&#8221;#FFFFFF&#8221; global_colors_info=&#8221;{}&#8221; theme_builder_area=&#8221;post_content&#8221; follow_button=&#8221;off&#8221; url_new_window=&#8221;on&#8221;]facebook[\/et_pb_social_media_follow_network][\/et_pb_social_media_follow][\/et_pb_column][\/et_pb_row][\/et_pb_section]<\/p>\n","protected":false},"excerpt":{"rendered":"<p>Historia Fenucure Medical ApS \u00e4r ett dansk bioteknikf\u00f6retag som har funnits i mer \u00e4n 10 \u00e5r. \u201dMin mamma led i m\u00e5nga \u00e5r av tandk\u00f6tsinflammation, som tyv\u00e4rr utvecklades till parodontit. Parodontit p\u00e5verkade inte bara hennes munhygien och allm\u00e4nna v\u00e4lbefinnande utan p\u00e5verkade henne ocks\u00e5 socialt. Hon fick d\u00e5lig andedr\u00e4kt och \u00e5t pepparmynta pastiller hela tiden, men det [&hellip;]<\/p>\n","protected":false},"author":1,"featured_media":0,"parent":0,"menu_order":0,"comment_status":"closed","ping_status":"closed","template":"","meta":{"_et_pb_use_builder":"on","_et_pb_old_content":"","_et_gb_content_width":"","footnotes":""},"class_list":["post-1132","page","type-page","status-publish","hentry"],"_links":{"self":[{"href":"https:\/\/dentacure.com\/sv\/wp-json\/wp\/v2\/pages\/1132","targetHints":{"allow":["GET"]}}],"collection":[{"href":"https:\/\/dentacure.com\/sv\/wp-json\/wp\/v2\/pages"}],"about":[{"href":"https:\/\/dentacure.com\/sv\/wp-json\/wp\/v2\/types\/page"}],"author":[{"embeddable":true,"href":"https:\/\/dentacure.com\/sv\/wp-json\/wp\/v2\/users\/1"}],"replies":[{"embeddable":true,"href":"https:\/\/dentacure.com\/sv\/wp-json\/wp\/v2\/comments?post=1132"}],"version-history":[{"count":2,"href":"https:\/\/dentacure.com\/sv\/wp-json\/wp\/v2\/pages\/1132\/revisions"}],"predecessor-version":[{"id":1922,"href":"https:\/\/dentacure.com\/sv\/wp-json\/wp\/v2\/pages\/1132\/revisions\/1922"}],"wp:attachment":[{"href":"https:\/\/dentacure.com\/sv\/wp-json\/wp\/v2\/media?parent=1132"}],"curies":[{"name":"wp","href":"https:\/\/api.w.org\/{rel}","templated":true}]}}