{"id":1175,"date":"2024-08-22T11:58:41","date_gmt":"2024-08-22T11:58:41","guid":{"rendered":"http:\/\/dentacure.com\/integritetspolicy\/"},"modified":"2024-09-10T10:38:52","modified_gmt":"2024-09-10T10:38:52","slug":"integritetspolicy","status":"publish","type":"page","link":"https:\/\/dentacure.com\/sv\/integritetspolicy\/","title":{"rendered":"Integritetspolicy"},"content":{"rendered":"<p>[et_pb_section fb_built=&#8221;1&#8243; _builder_version=&#8221;4.27.0&#8243; _module_preset=&#8221;default&#8221; global_colors_info=&#8221;{}&#8221;][et_pb_row _builder_version=&#8221;4.27.0&#8243; _module_preset=&#8221;default&#8221; global_colors_info=&#8221;{}&#8221;][et_pb_column type=&#8221;4_4&#8243; _builder_version=&#8221;4.27.0&#8243; _module_preset=&#8221;default&#8221; global_colors_info=&#8221;{}&#8221;][et_pb_text _builder_version=&#8221;4.27.0&#8243; _module_preset=&#8221;default&#8221; hover_enabled=&#8221;0&#8243; global_colors_info=&#8221;{}&#8221; sticky_enabled=&#8221;0&#8243;]<\/p>\n<div id=\"content\" class=\"content-area page-wrapper\" role=\"main\">\n<div class=\"row row-main\">\n<div class=\"large-12 col\">\n<div class=\"col-inner\">\n<p><strong>SEKRETESSPOLICY \u2013 INSAMLING OCH ANV\u00c4NDNING AV PERSONUPPGIFTER<\/strong><\/p>\n<p>Personuppgiftsansvariga \u00e4r:<\/p>\n<p>Fenucure Medical ApS<\/p>\n<p>CVR-nr: 28486871<\/p>\n<p>Nym\u00f8llevej 50<\/p>\n<p>2800 Kongens Lyngby<\/p>\n<p>Telefon: 50847223<\/p>\n<p>E-post: info@fenucure.com<\/p>\n<p>Behandling av personuppgifter \u2013 fullg\u00f6rande av avtal<\/p>\n<p>I samband med ditt k\u00f6p eller ditt deltagande i n\u00e5gon av v\u00e5ra t\u00e4vlingar hos oss har du angett ett antal personuppgifter. Inklusive s\u00e4rskilt:<\/p>\n<ul>\n<li>Ditt namn<\/li>\n<li>Din adress<\/li>\n<li>Din e-postadress<\/li>\n<li>Ditt telefonnummer<\/li>\n<li>Din best\u00e4llningsdata, k\u00f6phistorik och betalningsinformation (endast f\u00f6r k\u00f6p)<\/li>\n<li>Ditt samtycke till marknadsf\u00f6ring, nyhetsbrev eller deltagande i t\u00e4vlingar<\/li>\n<li>Ditt beteende n\u00e4r du anv\u00e4nder v\u00e5r webbplats samlas in med hj\u00e4lp av cookies.<\/li>\n<\/ul>\n<p>Information som l\u00e4mnas p\u00e5 webbshoppen s\u00e4ljs inte till tredje part, utan vidarebefordras endast till tredje part i enlighet med nedanst\u00e5ende policy och i enlighet med g\u00e4llande lagstiftning.<\/p>\n<p>Personuppgifter behandlas i samband med ditt deltagande i n\u00e5gon av v\u00e5ra t\u00e4vlingar, samt med behandlingen av ditt k\u00f6p, d\u00e5 det \u00e4r n\u00f6dv\u00e4ndigt f\u00f6r att vi ska kunna fullg\u00f6ra v\u00e5r del av aff\u00e4ren, samt under en begr\u00e4nsad period efter\u00e5t, f\u00f6r att s\u00e4kerst\u00e4lla att allt g\u00e5r som det ska sk\u00e5la. Denna information\/data raderas fr\u00e5n v\u00e5rt system n\u00e4r vi inte l\u00e4ngre beh\u00f6ver dem och g\u00e4llande lag till\u00e5ter det.<\/p>\n<p>Vid best\u00e4llning av leverans eller deltagande i n\u00e5gon av v\u00e5ra t\u00e4vlingar kommer uppgifterna om ditt namn, adress, telefonnummer och e-postadress att \u00f6verl\u00e4mnas till v\u00e5rt fraktbolag i syfte att leverera dina k\u00f6p eller pris.<\/p>\n<p><strong>Behandling av personuppgifter \u2013 samtycke<\/strong><\/p>\n<p>Om du har kryssat i rutan &#8220;ja tack f\u00f6r nyhetsbrev&#8221; kommer vi att behandla din e-postadress och informationen om dina k\u00f6p\/registrering hos oss tills det inte l\u00e4ngre \u00e4r aktuellt. Detta inneb\u00e4r tills du meddelar oss att du inte l\u00e4ngre vill ta emot e-postmeddelanden fr\u00e5n oss. Vi inh\u00e4mtar \u00e4ven samtycke fr\u00e5n dig, t.ex. i samband med ditt deltagande i t\u00e4vlingar, behandling av personuppgifter till f\u00f6ljd av cookies och skapande av en anv\u00e4ndarprofil.<\/p>\n<p>Du kan n\u00e4r som helst \u00e5terkalla ditt samtycke. Du kan g\u00f6ra detta antingen genom att anv\u00e4nda l\u00e4nken l\u00e4ngst ner i v\u00e5ra e-postmeddelanden eller genom att kontakta oss direkt via e-post och meddela att du inte l\u00e4ngre vill f\u00e5 v\u00e5ra nyhetsbrev eller annan information fr\u00e5n oss.<\/p>\n<p><strong>Datas\u00e4kerhet<\/strong><\/p>\n<p>Oavsett om vi behandlar dina personuppgifter i syfte att fullg\u00f6ra ett avtal eller utifr\u00e5n ditt samtycke kommer vi alltid att behandla dina personuppgifter s\u00e4kert och konfidentiellt i enlighet med till\u00e4mplig lagstiftning, inklusive personuppgiftsf\u00f6rordningen och dataskyddslagen.<\/p>\n<p>Din information kommer endast att anv\u00e4ndas f\u00f6r det \u00e4ndam\u00e5l f\u00f6r vilket den samlades in och kommer att raderas n\u00e4r detta \u00e4ndam\u00e5l har uppfyllts eller inte l\u00e4ngre \u00e4r relevant.<\/p>\n<p>F\u00f6r information anv\u00e4nder vi tredje part f\u00f6r att behandla din betalningsinformation och f\u00f6r att hantera dina k\u00f6p.<\/p>\n<p>Information, inv\u00e4ndning, \u00e4ndring, dataportabilitet och radering<\/p>\n<p>Du kan alltid kontakta oss f\u00f6r att ta reda p\u00e5 vilka av dina personuppgifter vi har. Detta kan g\u00f6ras genom att kontakta<\/p>\n<p>Fenucure Medical ApS<\/p>\n<p>CVR-nr: 28486871<\/p>\n<p>Nym\u00f8llevej 50<\/p>\n<p>2800 Kongens Lyngby<\/p>\n<p>Telefon: 50847223<\/p>\n<p>E-post: info@fenucure.com<\/p>\n<p>Om det finns fel i v\u00e5r information kan du alltid beg\u00e4ra att f\u00e5 den r\u00e4ttad, precis som du har r\u00e4tt att f\u00e5 informationen i ett gemensamt format (dataportabilitet). Har du \u00f6nskem\u00e5l om \u00e4ndringar eller dataportabilitet \u00e4r du ocks\u00e5 varmt v\u00e4lkommen att skriva till oss p\u00e5 ovanst\u00e5ende e-postadress.<\/p>\n<p>Om du inte l\u00e4ngre vill att vi ska behandla dina personuppgifter eller att vi ska begr\u00e4nsa behandlingen av dina personuppgifter kan du \u00e4ven skicka en beg\u00e4ran om detta till ovan n\u00e4mnda e-postadress.<\/p>\n<p>Din information (f\u00f6rutom din e-postadress och annan relevant information om du har samtyckt till att de behandlas i syfte att ta emot erbjudanden) kommer att raderas efter 5 \u00e5r eller i enlighet med till\u00e4mplig lagstiftning.<\/p>\n<p>Se \u00e4ven Fenucure Medicals cookiepolicy f\u00f6r mer information.<\/p>\n<p>Om du vill \u00e5terkalla ditt samtycke till behandlingen av din e-postadress (s\u00e5 att vi kan skicka dig v\u00e5rt nyhetsbrev, information och\/eller relevanta erbjudanden) kan detta g\u00f6ras n\u00e4r som helst genom att klicka p\u00e5 en l\u00e4nk i det enskilda nyhetsbrevet. Om du vill klaga p\u00e5 v\u00e5r behandling av dina personuppgifter kan detta g\u00f6ras till Dataskyddsmyndigheten p\u00e5 adressen Borgergade 28, 5., 1300 K\u00f6penhamn, telefon 33 19 32 00 e-post: <a href=\"mailto:dt@datatilsynet.dk\">dt@datatilsynet.dk<\/a>.<\/p>\n<p>COOKIEPOLICY<\/p>\n<p>Denna webbplats drivs och \u00e4gs av:<\/p>\n<p>Fenucure Medical Aps<\/p>\n<p>CVR-nr: 28486871<\/p>\n<p>Nym\u00f8llevej 50<\/p>\n<p>2800 Kongens Lyngby<\/p>\n<p>Telefon: 50847223<\/p>\n<p>E-post: info@fenucure.com<\/p>\n<p><strong>Introduktion \u2013 f\u00f6r dig som bes\u00f6ker oss<\/strong><\/p>\n<p>P\u00e5 Fenucure Medical har vi cookies p\u00e5 v\u00e5r hemsida f\u00f6r att ge dig en b\u00e4ttre upplevelse p\u00e5 v\u00e5r hemsida och g\u00f6ra det hela enklare f\u00f6r dig.<\/p>\n<p>Cookies \u00e4r kort och gott sm\u00e5 &#8220;program&#8221; som samlar in data om ditt beteende p\u00e5 en given webbplats. Vi anv\u00e4nder den bl.a. f\u00f6r att kunna se hur m\u00e5nga bes\u00f6k det har varit p\u00e5 v\u00e5r hemsida och se hur m\u00e5nga undersidor de bes\u00f6ker; f\u00f6r att f\u00f6rb\u00e4ttra anv\u00e4ndarupplevelsen. Det finns m\u00e5nga st\u00e4llen d\u00e4r du kan dra nytta av cookies n\u00e4r du hanterar en webbplats.<\/p>\n<p>Du har m\u00f6jlighet att ta bort eller blockera cookies, se f\u00f6ljande instruktioner: http:\/\/minecookies.org. Om du raderar eller blockerar cookies kommer webbplatsen inte att fungera optimalt och inte alla funktioner fungerar.<\/p>\n<p>Dessutom samlar vi \u00e4ven in data fr\u00e5n v\u00e5r webbplats om du till exempel fyller i ett kontaktformul\u00e4r; sedan sparar vi dessa uppgifter s\u00e5 att vi kan anv\u00e4nda dem p\u00e5 r\u00e4tt s\u00e4tt: d.v.s. f\u00f6r att kunna \u00e5terkomma i kontakt med dig.<\/p>\n<p>Information som l\u00e4mnas p\u00e5 webbshoppen eller via cookies l\u00e4mnas endast ut i enlighet med v\u00e5r integritetspolicy eller till\u00e4mplig lag och <strong>s\u00e4ljs inte p\u00e5 n\u00e5got s\u00e4tt till tredje part.<\/strong><\/p>\n<p>GDPR\/Personuppgiftsf\u00f6rordningen tr\u00e4dde i kraft den 25 maj 2018, och den s\u00e4kerst\u00e4ller att dina uppgifter endast anv\u00e4nds f\u00f6r det du ger oss samtycke till.<\/p>\n<p>Du \u00e4r alltid v\u00e4lkommen att skriva till oss f\u00f6r att st\u00e4lla fr\u00e5gor om v\u00e5r cookie- och integritetspolicy.<\/p>\n<p><strong>Varf\u00f6r\/hur anv\u00e4nder vi den information vi samlar in?<\/strong><\/p>\n<p>Det kan finnas m\u00e5nga anledningar till varf\u00f6r och hur vi anv\u00e4nder den data vi samlar in. Nedan f\u00f6ljer n\u00e5gra anledningar.<\/p>\n<ul>\n<li>Ge oss insikt i hur m\u00e5nga bes\u00f6kare vi har p\u00e5 v\u00e5r webbplats p\u00e5 daglig, m\u00e5nads- och \u00e5rsbasis.<\/li>\n<li>Konsumentupplevelser p\u00e5 webbplatser \u00e4r viktiga. S\u00e5 f\u00f6r att optimera anv\u00e4ndarupplevelsen, baserat p\u00e5 kunskap, kan det vara s\u00e5 att vi tittar p\u00e5 hur du navigerar runt p\u00e5 v\u00e5r hemsida, s\u00e5 att vi senare kan uppdatera v\u00e5r hemsida s\u00e5 att det \u00e4r l\u00e4ttare f\u00f6r dig att hitta runt.<\/li>\n<li>Vi vill ocks\u00e5, om vi accepteras, informera dig om v\u00e5ra produkter och erbjudanden. Omv\u00e4nt kan det ocks\u00e5 vara att utesluta dig fr\u00e5n v\u00e5r marknadsf\u00f6ring om du redan har k\u00f6pt v\u00e5r produkt s\u00e5 att du inte st\u00f6rs i on\u00f6dan med information.<\/li>\n<\/ul>\n<p><strong>Vad samlar vi p\u00e5?<\/strong><\/p>\n<p>Vi samlar endast in de uppgifter som du sj\u00e4lv samtycker till n\u00e4r du bes\u00f6ker v\u00e5r webbplats.<\/p>\n<p>&#8211; &#8220;Personuppgifter&#8221; &#8211; Personuppgifter \u00e4r de uppgifter som kan identifiera dig som person eller som kan vara unika f\u00f6r dig. Detta kan vara ditt namn, din e-postadress eller ditt telefonnummer.<\/p>\n<p>&#8211; &#8220;\u00d6vrig information&#8221; &#8211; detta kan till exempel vara vilken webbl\u00e4sare du anv\u00e4nde f\u00f6r att bes\u00f6ka v\u00e5r webbplats.<\/p>\n<p>\u2013 Som regel samlar vi inte in &#8220;K\u00e4nsliga uppgifter&#8221;. Data om dina personliga attityder, religi\u00f6sa \u00f6vertygelser, ras eller etnicitet, etc. samlas d\u00e4rf\u00f6r inte in<\/p>\n<p><strong>Insamling av denna data?<\/strong><\/p>\n<p>Data samlas in p\u00e5 tv\u00e5 s\u00e4tt. Direkt och indirekt.<\/p>\n<p>Direkt \u00e5tkomst till dina uppgifter ges, till exempel:<\/p>\n<p>\u2013 Om du fyller i ett formul\u00e4r p\u00e5 v\u00e5r webbplats (oavsett vilket kommer uppgifterna att lagras under en begr\u00e4nsad period)<\/p>\n<p>\u2013 Svarar p\u00e5 enk\u00e4ter eller liknande. fr\u00e5n oss<\/p>\n<p>Indirekt samlas in automatiskt n\u00e4r du bes\u00f6ker v\u00e5r webbplats.<\/p>\n<p>F\u00f6rsta g\u00e5ngen du bes\u00f6kte v\u00e5r webbplats sa du &#8220;OK&#8221; till det faktum att vi kan anv\u00e4nda cookies. Dessa cookies hj\u00e4lper till att samla in data om dina r\u00f6relser p\u00e5 v\u00e5r webbplats och tj\u00e4nster. Det kan till exempel vara:<\/p>\n<p>\u2013 Trafikdata (digital)<\/p>\n<p>\u2013 Plats<\/p>\n<p>\u2013 Webbl\u00e4sare<\/p>\n<p>Bland annat som inte kan identifiera dig som person, utan hj\u00e4lper oss att veta hur m\u00e5nga bes\u00f6kare vi har p\u00e5 v\u00e5r hemsida, hur m\u00e5nga som har gjort ett k\u00f6p och\/eller kontaktat oss. Detta anv\u00e4nds f\u00f6r att f\u00f6ra statistik.<\/p>\n<p>Vi kan inte identifiera individer med dessa uppgifter, utan \u00f6verf\u00f6rs till ett program som heter &#8220;Google Analytics&#8221;. Du kan l\u00e4sa mer om h\u00e4r: https:\/\/analytics.google.com\/analytics\/web\/provision\/#\/provision<\/p>\n<p>Om du n\u00e5gon g\u00e5ng vill ha en \u00f6versikt \u00f6ver hantering av cookies kan du hitta guider h\u00e4r:<\/p>\n<p>https:\/\/erhvervsstyrelsen.dk\/saadan-undgaar-du-cookies<\/p>\n<p><strong>F\u00e5 tillg\u00e5ng till, redigera och radera din egen data<\/strong><\/p>\n<p>&nbsp;<\/p>\n<p>Du \u00e4r alltid v\u00e4lkommen att kontakta oss och ta reda p\u00e5 vilken typ av data vi har om dig och eventuellt f\u00e5 den raderad om du s\u00e5 \u00f6nskar.<\/p>\n<p>Cookiedeklarationen uppdaterades senast den 5 december 2019 \u2013 V\u00e5r webbplats anv\u00e4nder cookies fr\u00e5n f\u00f6ljande tredje parter, inklusive i l\u00e4nder utanf\u00f6r EU och EES:<\/p>\n<p><strong>N\u00f6dv\u00e4ndiga Cookies<\/strong>:<\/p>\n<ul>\n<li>Webbplatsanalyscookies som vi anv\u00e4nder f\u00f6r att sp\u00e5ra vilka sidor som bes\u00f6ks<\/li>\n<li>Personliga cookies anv\u00e4nds f\u00f6r att rikta inneh\u00e5llet p\u00e5 sidan till bes\u00f6karen f\u00f6r att ge den b\u00e4sta upplevelsen n\u00e4r du bes\u00f6ker v\u00e5r webbplats<\/li>\n<li>Sociala medier cookies anv\u00e4nds f\u00f6r att dela och &#8220;gilla&#8221; produkter, fr\u00e4mst p\u00e5 v\u00e5r Facebook-sajt<\/li>\n<li>Videocookies anv\u00e4nds f\u00f6r att st\u00f6dja inneh\u00e5ll i form av visuella produktguider, anv\u00e4ndarguider och intervjuer<\/li>\n<\/ul>\n<p>Statistiska cookies:<\/p>\n<p>Google Analytics: f\u00f6r statistiska \u00e4ndam\u00e5l. Du kan avvisa cookies fr\u00e5n Google Analytics genom att klicka h\u00e4r: http:\/\/tools.google.com\/dlpage\/gaoptout<\/p>\n<p>Marknadsf\u00f6ringscookies:<\/p>\n<p>Facebook: inst\u00e4llt av Facebook om du interagerar med Facebook-plugin eller redan \u00e4r inloggad p\u00e5 Facebook fr\u00e5n en annan k\u00e4lla i syfte att interagera med dem.<\/p>\n<p>Marknadsf\u00f6ringscookies anv\u00e4nds f\u00f6r att marknadsf\u00f6ra relevanta produkter. Kampanjen kommer endast att g\u00e4lla Fenucures produkter och information som l\u00e4mnas p\u00e5 webbshoppen s\u00e4ljs inte till tredje part, och l\u00e4mnas endast ut till tredje part i enlighet med den beskrivna policyn och i enlighet med till\u00e4mplig lagstiftning<\/p>\n<\/div>\n<\/div>\n<\/div>\n<\/div>\n<p>[\/et_pb_text][\/et_pb_column][\/et_pb_row][\/et_pb_section]<\/p>\n","protected":false},"excerpt":{"rendered":"<p>SEKRETESSPOLICY \u2013 INSAMLING OCH ANV\u00c4NDNING AV PERSONUPPGIFTER Personuppgiftsansvariga \u00e4r: Fenucure Medical ApS CVR-nr: 28486871 Nym\u00f8llevej 50 2800 Kongens Lyngby Telefon: 50847223 E-post: info@fenucure.com Behandling av personuppgifter \u2013 fullg\u00f6rande av avtal I samband med ditt k\u00f6p eller ditt deltagande i n\u00e5gon av v\u00e5ra t\u00e4vlingar hos oss har du angett ett antal personuppgifter. Inklusive s\u00e4rskilt: Ditt namn [&hellip;]<\/p>\n","protected":false},"author":2,"featured_media":0,"parent":0,"menu_order":0,"comment_status":"closed","ping_status":"closed","template":"","meta":{"_et_pb_use_builder":"on","_et_pb_old_content":"","_et_gb_content_width":"","footnotes":""},"class_list":["post-1175","page","type-page","status-publish","hentry"],"_links":{"self":[{"href":"https:\/\/dentacure.com\/sv\/wp-json\/wp\/v2\/pages\/1175","targetHints":{"allow":["GET"]}}],"collection":[{"href":"https:\/\/dentacure.com\/sv\/wp-json\/wp\/v2\/pages"}],"about":[{"href":"https:\/\/dentacure.com\/sv\/wp-json\/wp\/v2\/types\/page"}],"author":[{"embeddable":true,"href":"https:\/\/dentacure.com\/sv\/wp-json\/wp\/v2\/users\/2"}],"replies":[{"embeddable":true,"href":"https:\/\/dentacure.com\/sv\/wp-json\/wp\/v2\/comments?post=1175"}],"version-history":[{"count":1,"href":"https:\/\/dentacure.com\/sv\/wp-json\/wp\/v2\/pages\/1175\/revisions"}],"predecessor-version":[{"id":1519,"href":"https:\/\/dentacure.com\/sv\/wp-json\/wp\/v2\/pages\/1175\/revisions\/1519"}],"wp:attachment":[{"href":"https:\/\/dentacure.com\/sv\/wp-json\/wp\/v2\/media?parent=1175"}],"curies":[{"name":"wp","href":"https:\/\/api.w.org\/{rel}","templated":true}]}}