{"id":2297,"date":"2025-09-02T12:28:34","date_gmt":"2025-09-02T12:28:34","guid":{"rendered":"https:\/\/dentacure.com\/sensitive\/"},"modified":"2025-09-02T13:18:02","modified_gmt":"2025-09-02T13:18:02","slug":"sensitive","status":"publish","type":"page","link":"https:\/\/dentacure.com\/sv\/sensitive\/","title":{"rendered":"DentaCure Sensitive"},"content":{"rendered":"<p>[et_pb_section fb_built=&#8221;1&#8243; _builder_version=&#8221;4.27.0&#8243; _module_preset=&#8221;default&#8221; background_color=&#8221;RGBA(177,207,174,0.24)&#8221; custom_padding=&#8221;||0px|||&#8221; global_colors_info=&#8221;{}&#8221;][et_pb_row column_structure=&#8221;1_3,1_3,1_3&#8243; _builder_version=&#8221;4.27.0&#8243; _module_preset=&#8221;default&#8221; global_colors_info=&#8221;{}&#8221;][et_pb_column type=&#8221;1_3&#8243; _builder_version=&#8221;4.27.0&#8243; _module_preset=&#8221;default&#8221; global_colors_info=&#8221;{}&#8221;][et_pb_image title_text=&#8221;Whitning_EN_FR_NL-1&#8243; _builder_version=&#8221;4.27.0&#8243; _module_preset=&#8221;default&#8221; locked=&#8221;off&#8221; global_colors_info=&#8221;{}&#8221;][\/et_pb_image][et_pb_image src=&#8221;https:\/\/dentacure.com\/wp-content\/uploads\/2025\/09\/SENSITIVE-Tandpasta.png&#8221; title_text=&#8221;SENSITIVE-Tandpasta&#8221; _builder_version=&#8221;4.27.0&#8243; _module_preset=&#8221;default&#8221; locked=&#8221;off&#8221; global_colors_info=&#8221;{}&#8221;][\/et_pb_image][\/et_pb_column][et_pb_column type=&#8221;1_3&#8243; _builder_version=&#8221;4.27.0&#8243; _module_preset=&#8221;default&#8221; global_colors_info=&#8221;{}&#8221;][et_pb_heading title=&#8221;DentaCure Sensitive tandkr\u00e4m&#8221; _builder_version=&#8221;4.27.0&#8243; _module_preset=&#8221;default&#8221; custom_margin=&#8221;||11px|||&#8221; global_colors_info=&#8221;{}&#8221;][\/et_pb_heading][et_pb_text _builder_version=&#8221;4.27.0&#8243; _module_preset=&#8221;default&#8221; global_colors_info=&#8221;{}&#8221;]<\/p>\n<p>DentaCure Sensitive tandkr\u00e4m har naturliga unika egenskaper och kan hj\u00e4lpa mot karies vid daglig anv\u00e4ndning.<\/p>\n<p>DentaCure inneh\u00e5ller kamomill, som i tusentals \u00e5r varit k\u00e4nt f\u00f6r sina antibakteriella, antiinflammatoriska och l\u00e4kande effekter.<\/p>\n<p>Med kaliumnitrat \u2013 dokumenterad effekt mot karies.<\/p>\n<p>Den unika formuleringen med hyaluronsyra skapar en barri\u00e4r \u00f6ver de k\u00e4nsliga omr\u00e5dena p\u00e5 t\u00e4nderna genom att bilda en barri\u00e4r som f\u00f6rhindrar bakterier, virus och v\u00e4vnadsnedbrytande enzymer fr\u00e5n att komma \u00e5t omr\u00e5det. Ger lindring och bygger upp ett varaktigt skydd varje g\u00e5ng du borstar t\u00e4nderna.<\/p>\n<p>Dessutom \u00e4r den mild mot k\u00e4nsliga slemhinnor eftersom den inte inneh\u00e5ller SLS (skumbildande medel).<\/p>\n<p>Inneh\u00e5ller inte titandioxid.<\/p>\n<p>Inneh\u00e5ller fluorid (1 450 ppm) mot karies enligt rekommendation fr\u00e5n Danska Tandl\u00e4karf\u00f6rbundet.<\/p>\n<p>[\/et_pb_text][et_pb_button button_url=&#8221;\/sv\/aaterfoersaeljare\/&#8221; button_text=&#8221;K\u00f6p h\u00e4r&#8221; button_alignment=&#8221;center&#8221; _builder_version=&#8221;4.27.0&#8243; _module_preset=&#8221;default&#8221; custom_button=&#8221;on&#8221; button_text_size=&#8221;16px&#8221; button_bg_color=&#8221;#FFFFFF&#8221; button_icon=&#8221;&#x49;||divi||400&#8243; saved_tabs=&#8221;all&#8221; global_colors_info=&#8221;{}&#8221;][\/et_pb_button][\/et_pb_column][et_pb_column type=&#8221;1_3&#8243; _builder_version=&#8221;4.27.0&#8243; _module_preset=&#8221;default&#8221; global_colors_info=&#8221;{}&#8221;][et_pb_accordion _builder_version=&#8221;4.27.0&#8243; _module_preset=&#8221;default&#8221; global_colors_info=&#8221;{}&#8221;][et_pb_accordion_item title=&#8221;DentaCure Sensitive tandkr\u00e4m f\u00f6rebygger effektivt karies vid anv\u00e4ndning tv\u00e5 g\u00e5nger dagligen&#8221; open=&#8221;off&#8221; _builder_version=&#8221;4.27.0&#8243; _module_preset=&#8221;default&#8221; global_colors_info=&#8221;{}&#8221;]<\/p>\n<ul>\n<li>Mot karies<\/li>\n<li>Inneh\u00e5ller fluor (1 450 ppm) mot karies<\/li>\n<li>Mild mintsmak<\/li>\n<li>Fri fr\u00e5n SLS<\/li>\n<li>Fri fr\u00e5n o\u00f6nskade kemikalier<\/li>\n<li>Utan titandioxid<\/li>\n<li>Kliniskt testad<\/li>\n<li>Med hyaluronsyra lugnar och fr\u00e4mjar l\u00e4kning genom att bilda en barri\u00e4r<\/li>\n<\/ul>\n<p>[\/et_pb_accordion_item][et_pb_accordion_item title=&#8221;Anv\u00e4nda&#8221; _builder_version=&#8221;4.27.0&#8243; _module_preset=&#8221;default&#8221; global_colors_info=&#8221;{}&#8221; open=&#8221;on&#8221;]<\/p>\n<p>F\u00f6r vuxna, anv\u00e4nd en m\u00e4ngd i \u00e4rtstorlek f\u00f6r vanlig tandborstning minst tv\u00e5 g\u00e5nger om dagen. Barn 6 \u00e5r och under anv\u00e4nder en m\u00e4ngd i \u00e4rtstorlek och \u00f6vervaka borstningen f\u00f6r att minimera f\u00f6rt\u00e4ring. R\u00e5dfr\u00e5ga tandl\u00e4karen eller l\u00e4karen om fluor ocks\u00e5 konsumeras fr\u00e5n andra k\u00e4llor. Hj\u00e4lp med tandborstning. F\u00f6rvaras utom r\u00e4ckh\u00e5ll f\u00f6r barn.<\/p>\n<p>[\/et_pb_accordion_item][et_pb_accordion_item title=&#8221;Ingredienser&#8221; _builder_version=&#8221;4.27.0&#8243; _module_preset=&#8221;default&#8221; global_colors_info=&#8221;{}&#8221; open=&#8221;off&#8221;]<\/p>\n<p>Aqua, Hydrated Silica, Sorbitol, Glycerin, Calcium Carbonate, Potassium Nitrate, Sodium Bicarbonate, Aroma, Anethole, Beta-Caryophyllene, Carvone, Limonene, Mentha Viridis Leaf Oil, Menthol, Cellulose Gum, Sodium Methyl Cocoyl Taurate, Sodium Fluoride, Sodium Saccharin, Propylene Glycol, Chamomilla Recutita Flower Extract, Rhus Cotinus Leaf Extract, Sodium Hyaluronate, Phenoxyethanol, CI 19140, CI 42090, CI 47005.<\/p>\n<p>[\/et_pb_accordion_item][\/et_pb_accordion][\/et_pb_column][\/et_pb_row][\/et_pb_section][et_pb_section fb_built=&#8221;1&#8243; _builder_version=&#8221;4.27.0&#8243; _module_preset=&#8221;default&#8221; background_color=&#8221;RGBA(255,255,255,0)&#8221; custom_padding=&#8221;0px|||||&#8221; global_colors_info=&#8221;{}&#8221;][et_pb_row column_structure=&#8221;1_3,1_3,1_3&#8243; _builder_version=&#8221;4.27.0&#8243; _module_preset=&#8221;default&#8221; global_colors_info=&#8221;{}&#8221;][et_pb_column type=&#8221;1_3&#8243; _builder_version=&#8221;4.27.0&#8243; _module_preset=&#8221;default&#8221; global_colors_info=&#8221;{}&#8221;][et_pb_testimonial author=&#8221;Pernille&#8221; portrait_url=&#8221;data:image\/svg+xml;base64,PHN2ZyB3aWR0aD0iNTAwIiBoZWlnaHQ9IjUwMCIgdmlld0JveD0iMCAwIDUwMCA1MDAiIHhtbG5zPSJodHRwOi8vd3d3LnczLm9yZy8yMDAwL3N2ZyI+CiAgICA8ZyBmaWxsPSJub25lIiBmaWxsLXJ1bGU9ImV2ZW5vZGQiPgogICAgICAgIDxwYXRoIGZpbGw9IiNFQkVCRUIiIGQ9Ik0wIDBoNTAwdjUwMEgweiIvPgogICAgICAgIDxyZWN0IGZpbGwtb3BhY2l0eT0iLjEiIGZpbGw9IiMwMDAiIHg9IjY4IiB5PSIzMDUiIHdpZHRoPSIzNjQiIGhlaWdodD0iNTY4IiByeD0iMTgyIi8+CiAgICAgICAgPGNpcmNsZSBmaWxsLW9wYWNpdHk9Ii4xIiBmaWxsPSIjMDAwIiBjeD0iMjQ5IiBjeT0iMTcyIiByPSIxMDAiLz4KICAgIDwvZz4KPC9zdmc+Cg==&#8221; quote_icon_color=&#8221;#0060A1&#8243; portrait_width=&#8221;1px&#8221; portrait_height=&#8221;1px&#8221; _builder_version=&#8221;4.27.0&#8243; _module_preset=&#8221;default&#8221; body_text_color=&#8221;#FFFFFF&#8221; author_text_color=&#8221;#FFFFFF&#8221; background_color=&#8221;#B1CFAE&#8221; global_colors_info=&#8221;{}&#8221;]<\/p>\n<p><em>\u201dJeg har begyndende paradentose og sl\u00e5s meget med isninger i t\u00e6nderne. Det er DentaCure en stor hj\u00e6lp til ar begr\u00e6nse\u201d<\/em><\/p>\n<p>[\/et_pb_testimonial][\/et_pb_column][et_pb_column type=&#8221;1_3&#8243; _builder_version=&#8221;4.27.0&#8243; _module_preset=&#8221;default&#8221; global_colors_info=&#8221;{}&#8221;][et_pb_testimonial author=&#8221;Maibrith&#8221; portrait_url=&#8221;data:image\/svg+xml;base64,PHN2ZyB3aWR0aD0iNTAwIiBoZWlnaHQ9IjUwMCIgdmlld0JveD0iMCAwIDUwMCA1MDAiIHhtbG5zPSJodHRwOi8vd3d3LnczLm9yZy8yMDAwL3N2ZyI+CiAgICA8ZyBmaWxsPSJub25lIiBmaWxsLXJ1bGU9ImV2ZW5vZGQiPgogICAgICAgIDxwYXRoIGZpbGw9IiNFQkVCRUIiIGQ9Ik0wIDBoNTAwdjUwMEgweiIvPgogICAgICAgIDxyZWN0IGZpbGwtb3BhY2l0eT0iLjEiIGZpbGw9IiMwMDAiIHg9IjY4IiB5PSIzMDUiIHdpZHRoPSIzNjQiIGhlaWdodD0iNTY4IiByeD0iMTgyIi8+CiAgICAgICAgPGNpcmNsZSBmaWxsLW9wYWNpdHk9Ii4xIiBmaWxsPSIjMDAwIiBjeD0iMjQ5IiBjeT0iMTcyIiByPSIxMDAiLz4KICAgIDwvZz4KPC9zdmc+Cg==&#8221; quote_icon_color=&#8221;#0060A1&#8243; portrait_width=&#8221;1px&#8221; portrait_height=&#8221;1px&#8221; _builder_version=&#8221;4.27.0&#8243; _module_preset=&#8221;default&#8221; body_text_color=&#8221;#FFFFFF&#8221; author_text_color=&#8221;#FFFFFF&#8221; background_color=&#8221;#B1CFAE&#8221; global_colors_info=&#8221;{}&#8221;]<\/p>\n<p><em><\/em><em>\u201dDen er rigtig god til mit tandk\u00f8d, havde tandk\u00f8dsbet\u00e6ndelse, men det var v\u00e6k efter brug af DentaCure samt jeg havde mindre tandsten sagde min tandl\u00e6ge\u201d<\/em><\/p>\n<p>[\/et_pb_testimonial][\/et_pb_column][et_pb_column type=&#8221;1_3&#8243; _builder_version=&#8221;4.27.0&#8243; _module_preset=&#8221;default&#8221; global_colors_info=&#8221;{}&#8221;][et_pb_testimonial author=&#8221;Bolette&#8221; portrait_url=&#8221;data:image\/svg+xml;base64,PHN2ZyB3aWR0aD0iNTAwIiBoZWlnaHQ9IjUwMCIgdmlld0JveD0iMCAwIDUwMCA1MDAiIHhtbG5zPSJodHRwOi8vd3d3LnczLm9yZy8yMDAwL3N2ZyI+CiAgICA8ZyBmaWxsPSJub25lIiBmaWxsLXJ1bGU9ImV2ZW5vZGQiPgogICAgICAgIDxwYXRoIGZpbGw9IiNFQkVCRUIiIGQ9Ik0wIDBoNTAwdjUwMEgweiIvPgogICAgICAgIDxyZWN0IGZpbGwtb3BhY2l0eT0iLjEiIGZpbGw9IiMwMDAiIHg9IjY4IiB5PSIzMDUiIHdpZHRoPSIzNjQiIGhlaWdodD0iNTY4IiByeD0iMTgyIi8+CiAgICAgICAgPGNpcmNsZSBmaWxsLW9wYWNpdHk9Ii4xIiBmaWxsPSIjMDAwIiBjeD0iMjQ5IiBjeT0iMTcyIiByPSIxMDAiLz4KICAgIDwvZz4KPC9zdmc+Cg==&#8221; quote_icon_color=&#8221;#0060A1&#8243; portrait_width=&#8221;1px&#8221; portrait_height=&#8221;1px&#8221; _builder_version=&#8221;4.27.0&#8243; _module_preset=&#8221;default&#8221; body_text_color=&#8221;#FFFFFF&#8221; author_text_color=&#8221;#FFFFFF&#8221; background_color=&#8221;#B1CFAE&#8221; global_colors_info=&#8221;{}&#8221;]<\/p>\n<p><em><\/em><em>\u201cJeg har kun brugt DentaCure i 4 dage og er S\u00c5 imponeret \u2013 min mundhygiejne har aldrig v\u00e6ret bedre og der er en helt anden \u2019ro\u2019 i mine t\u00e6nder\/mund\u201d<\/em><\/p>\n<p>[\/et_pb_testimonial][\/et_pb_column][\/et_pb_row][\/et_pb_section]<\/p>\n","protected":false},"excerpt":{"rendered":"<p>DentaCure Sensitive tandkr\u00e4m har naturliga unika egenskaper och kan hj\u00e4lpa mot karies vid daglig anv\u00e4ndning. DentaCure inneh\u00e5ller kamomill, som i tusentals \u00e5r varit k\u00e4nt f\u00f6r sina antibakteriella, antiinflammatoriska och l\u00e4kande effekter. Med kaliumnitrat \u2013 dokumenterad effekt mot karies. Den unika formuleringen med hyaluronsyra skapar en barri\u00e4r \u00f6ver de k\u00e4nsliga omr\u00e5dena p\u00e5 t\u00e4nderna genom att bilda [&hellip;]<\/p>\n","protected":false},"author":2,"featured_media":0,"parent":0,"menu_order":0,"comment_status":"closed","ping_status":"closed","template":"","meta":{"_et_pb_use_builder":"on","_et_pb_old_content":"","_et_gb_content_width":"","footnotes":""},"class_list":["post-2297","page","type-page","status-publish","hentry"],"_links":{"self":[{"href":"https:\/\/dentacure.com\/sv\/wp-json\/wp\/v2\/pages\/2297","targetHints":{"allow":["GET"]}}],"collection":[{"href":"https:\/\/dentacure.com\/sv\/wp-json\/wp\/v2\/pages"}],"about":[{"href":"https:\/\/dentacure.com\/sv\/wp-json\/wp\/v2\/types\/page"}],"author":[{"embeddable":true,"href":"https:\/\/dentacure.com\/sv\/wp-json\/wp\/v2\/users\/2"}],"replies":[{"embeddable":true,"href":"https:\/\/dentacure.com\/sv\/wp-json\/wp\/v2\/comments?post=2297"}],"version-history":[{"count":2,"href":"https:\/\/dentacure.com\/sv\/wp-json\/wp\/v2\/pages\/2297\/revisions"}],"predecessor-version":[{"id":2317,"href":"https:\/\/dentacure.com\/sv\/wp-json\/wp\/v2\/pages\/2297\/revisions\/2317"}],"wp:attachment":[{"href":"https:\/\/dentacure.com\/sv\/wp-json\/wp\/v2\/media?parent=2297"}],"curies":[{"name":"wp","href":"https:\/\/api.w.org\/{rel}","templated":true}]}}